{"id":17660,"date":"2023-12-31T12:24:20","date_gmt":"2023-12-31T12:24:20","guid":{"rendered":"https:\/\/hnachihair.com\/404-not-found\/"},"modified":"2024-07-10T18:30:23","modified_gmt":"2024-07-10T18:30:23","slug":"404-not-found","status":"publish","type":"page","link":"https:\/\/hnachihair.com\/fr\/404-not-found\/","title":{"rendered":"404 NOT FOUND"},"content":{"rendered":"\t\t<div data-elementor-type=\"wp-page\" data-elementor-id=\"17660\" class=\"elementor elementor-17660 elementor-16530\" data-elementor-post-type=\"page\">\n\t\t\t\t\t\t<section class=\"wd-negative-gap elementor-section elementor-top-section elementor-element elementor-element-50f14ec1 elementor-section-boxed elementor-section-height-default elementor-section-height-default\" data-id=\"50f14ec1\" data-element_type=\"section\">\n\t\t\t\t\t\t<div class=\"elementor-container elementor-column-gap-no\">\n\t\t\t\t\t<div class=\"elementor-column elementor-col-33 elementor-top-column elementor-element elementor-element-45dbaf9 elementor-hidden-phone\" data-id=\"45dbaf9\" data-element_type=\"column\">\n\t\t\t<div class=\"elementor-widget-wrap\">\n\t\t\t\t\t\t\t<\/div>\n\t\t<\/div>\n\t\t\t\t<div class=\"elementor-column elementor-col-33 elementor-top-column elementor-element elementor-element-0d3a282\" data-id=\"0d3a282\" data-element_type=\"column\">\n\t\t\t<div class=\"elementor-widget-wrap elementor-element-populated\">\n\t\t\t\t\t\t<div class=\"elementor-element elementor-element-ea1e7d0 wd-width-100 elementor-widget elementor-widget-wd_title\" data-id=\"ea1e7d0\" data-element_type=\"widget\" data-widget_type=\"wd_title.default\">\n\t\t\t\t<div class=\"elementor-widget-container\">\n\t\t\t\t\t\t\t<div class=\"title-wrapper wd-set-mb reset-last-child wd-title-color-default wd-title-style-default wd-title-size-default text-center\">\n\n\t\t\t\n\t\t\t<div class=\"liner-continer\">\n\t\t\t\t<h4 class=\"woodmart-title-container title wd-fontsize-l\"><\/h4> \n\t\t\t\t\t\t\t<\/div>\n\n\t\t\t\t\t\t\t<div class=\"title-after_title reset-last-child wd-fontsize-xs\">\n\t\t\t\t\t<p>C'est un peu embarrassant, n'est-ce pas ? Il semble que rien n'ait \u00e9t\u00e9 trouv\u00e9 \u00e0 cet endroit.<\/p>\t\t\t\t<\/div>\n\t\t\t\t\t<\/div>\n\t\t\t\t\t\t<\/div>\n\t\t\t\t<\/div>\n\t\t\t\t<div class=\"elementor-element elementor-element-d98e547 elementor-widget__width-inherit elementor-widget elementor-widget-wd_button\" data-id=\"d98e547\" data-element_type=\"widget\" data-widget_type=\"wd_button.default\">\n\t\t\t\t<div class=\"elementor-widget-container\">\n\t\t\t\t\t\t\t<div class=\"wd-button-wrapper text-center\" >\n\t\t\t<a class=\"btn btn-style-default btn-shape-rectangle btn-size-default btn-color-primary btn-icon-pos-right\"  href=\"https:\/\/hnachihair.com\/fr\/\">\n\t\t\t\t<span class=\"wd-btn-text\" data-elementor-setting-key=\"text\">\n\t\t\t\t\tPAGE D&#039;ACCUEIL\t\t\t\t<\/span>\n\n\t\t\t\t\t\t\t<\/a>\n\t\t<\/div>\n\t\t\t\t\t\t<\/div>\n\t\t\t\t<\/div>\n\t\t\t\t\t<\/div>\n\t\t<\/div>\n\t\t\t\t<div class=\"elementor-column elementor-col-33 elementor-top-column elementor-element elementor-element-35dd2f70 elementor-hidden-phone\" data-id=\"35dd2f70\" data-element_type=\"column\">\n\t\t\t<div class=\"elementor-widget-wrap\">\n\t\t\t\t\t\t\t<\/div>\n\t\t<\/div>\n\t\t\t\t\t<\/div>\n\t\t<\/section>\n\t\t\t\t<\/div>\n\t\t","protected":false},"excerpt":{"rendered":"<p>C&rsquo;est un peu embarrassant, n&rsquo;est-ce pas ? Il semble que rien n&rsquo;ait \u00e9t\u00e9 trouv\u00e9 \u00e0 cet endroit. PAGE D&#039;ACCUEIL<\/p>\n","protected":false},"author":1,"featured_media":0,"parent":0,"menu_order":0,"comment_status":"closed","ping_status":"closed","template":"elementor_header_footer","meta":{"footnotes":""},"class_list":["post-17660","page","type-page","status-publish","hentry"],"_links":{"self":[{"href":"https:\/\/hnachihair.com\/fr\/wp-json\/wp\/v2\/pages\/17660","targetHints":{"allow":["GET"]}}],"collection":[{"href":"https:\/\/hnachihair.com\/fr\/wp-json\/wp\/v2\/pages"}],"about":[{"href":"https:\/\/hnachihair.com\/fr\/wp-json\/wp\/v2\/types\/page"}],"author":[{"embeddable":true,"href":"https:\/\/hnachihair.com\/fr\/wp-json\/wp\/v2\/users\/1"}],"replies":[{"embeddable":true,"href":"https:\/\/hnachihair.com\/fr\/wp-json\/wp\/v2\/comments?post=17660"}],"version-history":[{"count":2,"href":"https:\/\/hnachihair.com\/fr\/wp-json\/wp\/v2\/pages\/17660\/revisions"}],"predecessor-version":[{"id":17664,"href":"https:\/\/hnachihair.com\/fr\/wp-json\/wp\/v2\/pages\/17660\/revisions\/17664"}],"wp:attachment":[{"href":"https:\/\/hnachihair.com\/fr\/wp-json\/wp\/v2\/media?parent=17660"}],"curies":[{"name":"wp","href":"https:\/\/api.w.org\/{rel}","templated":true}]}}