{"id":17665,"date":"2023-12-24T00:30:21","date_gmt":"2023-12-24T00:30:21","guid":{"rendered":"https:\/\/hnachihair.com\/certification-des-cheveux-hnachi\/"},"modified":"2024-06-11T20:00:13","modified_gmt":"2024-06-11T20:00:13","slug":"certification-des-cheveux-hnachi","status":"publish","type":"page","link":"https:\/\/hnachihair.com\/fr\/certification-des-cheveux-hnachi\/","title":{"rendered":"Certification des cheveux Hnachi"},"content":{"rendered":"\t\t<div data-elementor-type=\"wp-page\" data-elementor-id=\"17665\" class=\"elementor elementor-17665 elementor-16101\" data-elementor-post-type=\"page\">\n\t\t\t\t\t\t<section class=\"elementor-section elementor-top-section elementor-element elementor-element-20468fb2 wd-section-stretch elementor-section-boxed elementor-section-height-default elementor-section-height-default\" data-id=\"20468fb2\" data-element_type=\"section\" data-settings=\"{&quot;background_background&quot;:&quot;classic&quot;}\">\n\t\t\t\t\t\t\t<div class=\"elementor-background-overlay\"><\/div>\n\t\t\t\t\t\t\t<div class=\"elementor-container elementor-column-gap-no\">\n\t\t\t\t\t<div class=\"elementor-column elementor-col-100 elementor-top-column elementor-element elementor-element-374ddf3c\" data-id=\"374ddf3c\" data-element_type=\"column\">\n\t\t\t<div class=\"elementor-widget-wrap elementor-element-populated\">\n\t\t\t\t\t\t<div class=\"elementor-element elementor-element-39b4771d wd-width-100 elementor-widget elementor-widget-wd_title\" data-id=\"39b4771d\" data-element_type=\"widget\" data-widget_type=\"wd_title.default\">\n\t\t\t\t<div class=\"elementor-widget-container\">\n\t\t\t\t\t\t\t<div class=\"title-wrapper wd-set-mb reset-last-child wd-title-color-default wd-title-style-bordered wd-title-size-default text-center\">\n\n\t\t\t\n\t\t\t<div class=\"liner-continer\">\n\t\t\t\t<h4 class=\"woodmart-title-container title wd-fontsize-l\">DEVENIR UN SALON CERTIFI\u00c9 HNACHI HAIR<\/h4> \n\t\t\t\t\t\t\t<\/div>\n\n\t\t\t\t\t<\/div>\n\t\t\t\t\t\t<\/div>\n\t\t\t\t<\/div>\n\t\t\t\t<div class=\"elementor-element elementor-element-41a7aac4 elementor-widget elementor-widget-wd_text_block\" data-id=\"41a7aac4\" data-element_type=\"widget\" data-widget_type=\"wd_text_block.default\">\n\t\t\t\t<div class=\"elementor-widget-container\">\n\t\t\t\t\t\t\t<div class=\"wd-text-block reset-last-child text-center\">\n\t\t\t\n\t\t\tProduits de haute qualit\u00e9, formation sp\u00e9cialis\u00e9e, soutien et assistance, cr\u00e9dibilit\u00e9, opportunit\u00e9s d'affaires. Cela vous permet de fournir des services professionnels et de qualit\u00e9 sup\u00e9rieure \u00e0 vos clients tout en renfor\u00e7ant votre r\u00e9putation de salon de confiance.\n\t\t\t\t\t<\/div>\n\t\t\t\t\t\t<\/div>\n\t\t\t\t<\/div>\n\t\t\t\t<div class=\"elementor-element elementor-element-bbf8faa elementor-align-center elementor-laptop-align-center elementor-widget elementor-widget-button\" data-id=\"bbf8faa\" data-element_type=\"widget\" data-widget_type=\"button.default\">\n\t\t\t\t<div class=\"elementor-widget-container\">\n\t\t\t\t\t\t\t\t\t<div class=\"elementor-button-wrapper\">\n\t\t\t\t\t<a class=\"elementor-button elementor-button-link elementor-size-lg\" href=\"#FORMCERT\">\n\t\t\t\t\t\t<span class=\"elementor-button-content-wrapper\">\n\t\t\t\t\t\t\t\t\t<span class=\"elementor-button-text\">Rejoignez l'\u00e9quipe HNACHI HAIR<\/span>\n\t\t\t\t\t<\/span>\n\t\t\t\t\t<\/a>\n\t\t\t\t<\/div>\n\t\t\t\t\t\t\t\t<\/div>\n\t\t\t\t<\/div>\n\t\t\t\t\t<\/div>\n\t\t<\/div>\n\t\t\t\t\t<\/div>\n\t\t<\/section>\n\t\t<div class=\"elementor-element elementor-element-32483ff wd-section-stretch e-flex e-con-boxed e-con e-parent\" data-id=\"32483ff\" data-element_type=\"container\">\n\t\t\t\t\t<div class=\"e-con-inner\">\n\t\t\t\t<div class=\"elementor-element elementor-element-993c78f color-scheme-inherit text-left elementor-widget elementor-widget-text-editor\" data-id=\"993c78f\" data-element_type=\"widget\" data-widget_type=\"text-editor.default\">\n\t\t\t\t<div class=\"elementor-widget-container\">\n\t\t\t\t\t\t\t\t\t<p>POURQUOI DEVENIR UN SALON CERTIFI\u00c9 HNACHI HAIR?<\/p>\t\t\t\t\t\t\t\t<\/div>\n\t\t\t\t<\/div>\n\t\t\t\t<div class=\"elementor-element elementor-element-2f2ebc1 color-scheme-inherit text-left elementor-widget elementor-widget-text-editor\" data-id=\"2f2ebc1\" data-element_type=\"widget\" data-widget_type=\"text-editor.default\">\n\t\t\t\t<div class=\"elementor-widget-container\">\n\t\t\t\t\t\t\t\t\t<p><span data-contrast=\"none\">En collaborant avec HNACHI HAIR, les propri\u00e9taires de salons et les coiffeurs qualifi\u00e9s peuvent \u00e9tablir un service rentable en offrant des produits de qualit\u00e9 exceptionnelle qui r\u00e9pondent aux besoins et aux attentes des clients.<\/span><span data-ccp-props=\"{}\"> <\/span><\/p>\n<p><span data-contrast=\"none\">En outre, HNACHI HAIR propose une formation gratuite sur la pose et la d\u00e9pose des extensions de cheveux, ainsi qu&rsquo;un soutien continu, permettant \u00e0 nos partenaires de b\u00e9n\u00e9ficier d&rsquo;une expertise et d&rsquo;une assistance de premier ordre. Cela garantit un service \u00e0 la client\u00e8le de qualit\u00e9 sup\u00e9rieure et aide les partenaires \u00e0 am\u00e9liorer leur r\u00e9putation dans le secteur de la coiffure.<\/span><span data-ccp-props=\"{}\"> <\/span><\/p>\n\t\t\t\t\t\t\t\t<\/div>\n\t\t\t\t<\/div>\n\t\t\t\t<div class=\"elementor-element elementor-element-057030a color-scheme-inherit text-left elementor-widget elementor-widget-text-editor\" data-id=\"057030a\" data-element_type=\"widget\" data-widget_type=\"text-editor.default\">\n\t\t\t\t<div class=\"elementor-widget-container\">\n\t\t\t\t\t\t\t\t\t<p><span class=\"TextRun SCXW263728159 BCX8\" lang=\"EN-US\" xml:lang=\"EN-US\" data-contrast=\"none\"><span class=\"NormalTextRun SCXW263728159 BCX8\">LA FORMATION HNACHI HAIR<\/span><\/span><\/p>\t\t\t\t\t\t\t\t<\/div>\n\t\t\t\t<\/div>\n\t\t\t\t<div class=\"elementor-element elementor-element-fee9354 color-scheme-inherit text-left elementor-widget elementor-widget-text-editor\" data-id=\"fee9354\" data-element_type=\"widget\" data-widget_type=\"text-editor.default\">\n\t\t\t\t<div class=\"elementor-widget-container\">\n\t\t\t\t\t\t\t\t\t<p><span data-contrast=\"none\">Ce ne sont pas les extensions qui endommagent les cheveux naturels des clients, mais plut\u00f4t une pose ou une d\u00e9pose incorrecte. C&rsquo;est pourquoi nous consid\u00e9rons que notre formation \u00e0 la pose et \u00e0 la d\u00e9pose d&rsquo;extensions de cheveux est d&rsquo;une importance capitale, dans le but de pr\u00e9server la sant\u00e9 capillaire naturelle de nos clients.<\/span><span data-ccp-props=\"{}\"> <\/span><\/p>\n<p><span data-contrast=\"none\">Dans le cadre de notre formation, nous mettons l&rsquo;accent sur des techniques de consultation et de communication efficaces afin de comprendre les attentes de nos clients et de fournir des r\u00e9sultats conformes \u00e0 leurs souhaits.<\/span><span data-ccp-props=\"{}\"> <\/span><\/p>\n<p><span data-contrast=\"none\">Nous proposons une formation compl\u00e8te dispens\u00e9e par des formateurs exp\u00e9riment\u00e9s. Notre objectif est de vous doter des comp\u00e9tences et des connaissances n\u00e9cessaires pour offrir une exp\u00e9rience de haute qualit\u00e9 \u00e0 nos clients, ce qui est la cl\u00e9 de votre succ\u00e8s dans le domaine des extensions de cheveux.<\/span><span data-ccp-props=\"{}\"> <\/span><\/p>\n<p><span data-contrast=\"none\">Rejoignez-nous d\u00e8s maintenant pour faire partie de notre \u00e9quipe de professionnels qui valorisent la qualit\u00e9, l&rsquo;expertise et l&rsquo;engagement en faveur de l&rsquo;excellence.<\/span><span data-ccp-props=\"{}\"> <\/span><\/p>\n\t\t\t\t\t\t\t\t<\/div>\n\t\t\t\t<\/div>\n\t\t\t\t\t<\/div>\n\t\t\t\t<\/div>\n\t\t<div class=\"elementor-element elementor-element-683f55a wd-section-stretch e-flex e-con-boxed e-con e-parent\" data-id=\"683f55a\" data-element_type=\"container\" id=\"FORMCERT\" data-settings=\"{&quot;background_background&quot;:&quot;classic&quot;}\">\n\t\t\t\t\t<div class=\"e-con-inner\">\n\t\t\t\t<div class=\"elementor-element elementor-element-df6481d wd-width-100 elementor-widget elementor-widget-wd_title\" data-id=\"df6481d\" data-element_type=\"widget\" data-widget_type=\"wd_title.default\">\n\t\t\t\t<div class=\"elementor-widget-container\">\n\t\t\t\t\t\t\t<div class=\"title-wrapper wd-set-mb reset-last-child wd-title-color-default wd-title-style-default wd-title-size-default text-center\">\n\n\t\t\t\n\t\t\t<div class=\"liner-continer\">\n\t\t\t\t<h4 class=\"woodmart-title-container title wd-fontsize-l\">Rejoignez l'\u00e9quipe HNACHI HAIR<\/h4> \n\t\t\t\t\t\t\t<\/div>\n\n\t\t\t\t\t<\/div>\n\t\t\t\t\t\t<\/div>\n\t\t\t\t<\/div>\n\t\t\t\t<div class=\"elementor-element elementor-element-dfcac7b elementor-widget elementor-widget-html\" data-id=\"dfcac7b\" data-element_type=\"widget\" data-widget_type=\"html.default\">\n\t\t\t\t<div class=\"elementor-widget-container\">\n\t\t\t\t\t<div class=\"forminator-ui forminator-custom-form forminator-custom-form-18572 forminator-design--flat  forminator_ajax\" data-forminator-render=\"0\" data-form=\"forminator-module-18572\" data-uid=\"69fd6865160d5\"><br\/><\/div><form\n\t\t\t\tid=\"forminator-module-18572\"\n\t\t\t\tclass=\"forminator-ui forminator-custom-form forminator-custom-form-18572 forminator-design--flat  forminator_ajax\"\n\t\t\t\tmethod=\"post\"\n\t\t\t\tdata-forminator-render=\"0\"\n\t\t\t\tdata-form-id=\"18572\"\n\t\t\t\t\n\t\t\t\tdata-design=\"flat\"\n\t\t\t\tdata-color-option=\"default\"\n\t\t\t\t\n\t\t\t\t\n\t\t\t\t\n\t\t\t\tdata-grid=\"open\"\n\t\t\t\t\n\t\t\t\t\n\t\t\t\tstyle=\"display: none;\"\n\t\t\t\t\n\t\t\t\tdata-uid=\"69fd6865160d5\"\n\t\t\t><div role=\"alert\" aria-live=\"polite\" class=\"forminator-response-message forminator-error\" aria-hidden=\"true\"><\/div><div class=\"forminator-row\"><div id=\"name-1\" class=\"forminator-field-name forminator-col forminator-col-12 \"><div class=\"forminator-row forminator-no-margin\" data-multiple=\"true\"><div class=\"forminator-col forminator-col-md-6\"><div class=\"forminator-field\"><label for=\"forminator-field-first-name-1_69fd6865160d5\" id=\"forminator-field-first-name-1_69fd6865160d5-label\" class=\"forminator-label\">Pr\u00e9nom<\/label><input type=\"text\" name=\"name-1-first-name\" placeholder=\"E.g. John\" id=\"forminator-field-first-name-1_69fd6865160d5\" class=\"forminator-input\" aria-required=\"false\" data-multi=\"1\" value=\"\" \/><\/div><\/div><div class=\"forminator-col forminator-col-md-6\"><div class=\"forminator-field\"><label for=\"forminator-field-last-name-1_69fd6865160d5\" id=\"forminator-field-last-name-1_69fd6865160d5-label\" class=\"forminator-label\">Nom<\/label><input type=\"text\" name=\"name-1-last-name\" placeholder=\"E.g. Doe\" id=\"forminator-field-last-name-1_69fd6865160d5\" class=\"forminator-input\" aria-required=\"false\" data-multi=\"1\" value=\"\" \/><\/div><\/div><\/div><\/div><\/div><div class=\"forminator-row\"><div id=\"email-1\" class=\"forminator-field-email forminator-col forminator-col-6 \"><div class=\"forminator-field\"><label for=\"forminator-field-email-1_69fd6865160d5\" id=\"forminator-field-email-1_69fd6865160d5-label\" class=\"forminator-label\">Email <span class=\"forminator-required\">*<\/span><\/label><input type=\"email\" name=\"email-1\" value=\"\" placeholder=\"E.g. john@doe.com\" id=\"forminator-field-email-1_69fd6865160d5\" class=\"forminator-input forminator-email--field\" data-required=\"true\" aria-required=\"true\" \/><\/div><\/div><div id=\"phone-1\" class=\"forminator-field-phone forminator-col forminator-col-6 \"><div class=\"forminator-field\"><label for=\"forminator-field-phone-1_69fd6865160d5\" id=\"forminator-field-phone-1_69fd6865160d5-label\" class=\"forminator-label\">Num\u00e9ro de t\u00e9l\u00e9phone<\/label><input type=\"text\" name=\"phone-1\" value=\"\" placeholder=\"E.g. +1 3004005000\" id=\"forminator-field-phone-1_69fd6865160d5\" class=\"forminator-input forminator-field--phone\" data-required=\"\" aria-required=\"false\" autocomplete=\"off\" \/><\/div><\/div><\/div><div class=\"forminator-row\"><div id=\"text-1\" class=\"forminator-field-text forminator-col forminator-col-6 \"><div class=\"forminator-field\"><label for=\"forminator-field-text-1_69fd6865160d5\" id=\"forminator-field-text-1_69fd6865160d5-label\" class=\"forminator-label\">Pays<\/label><input type=\"text\" name=\"text-1\" value=\"\" placeholder=\"E.g. Usa\" id=\"forminator-field-text-1_69fd6865160d5\" class=\"forminator-input forminator-name--field\" data-required=\"\" \/><\/div><\/div><div id=\"text-2\" class=\"forminator-field-text forminator-col forminator-col-6 \"><div class=\"forminator-field\"><label for=\"forminator-field-text-2_69fd6865160d5\" id=\"forminator-field-text-2_69fd6865160d5-label\" class=\"forminator-label\">Ville<\/label><input type=\"text\" name=\"text-2\" value=\"\" placeholder=\"E.g. NY\" id=\"forminator-field-text-2_69fd6865160d5\" class=\"forminator-input forminator-name--field\" data-required=\"\" \/><\/div><\/div><\/div><div class=\"forminator-row\"><div id=\"text-3\" class=\"forminator-field-text forminator-col forminator-col-6 \"><div class=\"forminator-field\"><label for=\"forminator-field-text-3_69fd6865160d5\" id=\"forminator-field-text-3_69fd6865160d5-label\" class=\"forminator-label\">Nom du salon<\/label><input type=\"text\" name=\"text-3\" value=\"\" placeholder=\"E.g. Hnachi Hair\" id=\"forminator-field-text-3_69fd6865160d5\" class=\"forminator-input forminator-name--field\" data-required=\"\" \/><\/div><\/div><div id=\"url-1\" class=\"forminator-field-url forminator-col forminator-col-6 \"><div class=\"forminator-field\"><label for=\"forminator-field-url-1_69fd6865160d5\" id=\"forminator-field-url-1_69fd6865160d5-label\" class=\"forminator-label\">site web<\/label><input type=\"url\" name=\"url-1\" value=\"\" placeholder=\"E.g. http:\/\/www.example.com\" id=\"forminator-field-url-1_69fd6865160d5\" class=\"forminator-input forminator-website--field\" data-required=\"\" aria-required=\"false\" \/><\/div><\/div><\/div><input type=\"hidden\" name=\"referer_url\" value=\"\" \/><div class=\"forminator-row forminator-row-last\"><div class=\"forminator-col\"><div class=\"forminator-field\"><button class=\"forminator-button forminator-button-submit\">Envoyer<\/button><\/div><\/div><\/div><input type=\"hidden\" id=\"forminator_nonce\" name=\"forminator_nonce\" value=\"ca84cd906c\" \/><input type=\"hidden\" name=\"_wp_http_referer\" value=\"\/fr\/wp-json\/wp\/v2\/pages\/17665\" \/><input type=\"hidden\" name=\"form_id\" value=\"18572\"><input type=\"hidden\" name=\"page_id\" value=\"17665\"><input type=\"hidden\" name=\"form_type\" value=\"default\"><input type=\"hidden\" name=\"current_url\" value=\"https:\/\/hnachihair.com\/fr\/certification-des-cheveux-hnachi\/\"><input type=\"hidden\" name=\"render_id\" value=\"0\"><input type=\"hidden\" name=\"action\" value=\"forminator_submit_form_custom-forms\"><\/form>\t\t\t\t<\/div>\n\t\t\t\t<\/div>\n\t\t\t\t<div class=\"elementor-element elementor-element-8fd0b5d color-scheme-inherit text-left elementor-widget elementor-widget-text-editor\" data-id=\"8fd0b5d\" data-element_type=\"widget\" data-widget_type=\"text-editor.default\">\n\t\t\t\t<div class=\"elementor-widget-container\">\n\t\t\t\t\t\t\t\t\t<p>En soumettant vos informations, vous acceptez que HNACHI HAIR puisse vous envoyer des messages promotionnels par e-mail, y compris des offres, des mises \u00e0 jour et d&rsquo;autres messages marketing. Vous comprenez que HNACHI HAIR peut utiliser vos informations conform\u00e9ment \u00e0 sa politique de confidentialit\u00e9 et de cookies.<\/p>\n\t\t\t\t\t\t\t\t<\/div>\n\t\t\t\t<\/div>\n\t\t\t\t\t<\/div>\n\t\t\t\t<\/div>\n\t\t\t\t<\/div>\n\t\t","protected":false},"excerpt":{"rendered":"<p>DEVENIR UN SALON CERTIFI\u00c9 HNACHI HAIR Produits de haute qualit\u00e9, formation sp\u00e9cialis\u00e9e, soutien et assistance, cr\u00e9dibilit\u00e9, opportunit\u00e9s d&rsquo;affaires. Cela vous<\/p>\n","protected":false},"author":1,"featured_media":0,"parent":0,"menu_order":0,"comment_status":"closed","ping_status":"closed","template":"elementor_header_footer","meta":{"footnotes":""},"class_list":["post-17665","page","type-page","status-publish","hentry"],"_links":{"self":[{"href":"https:\/\/hnachihair.com\/fr\/wp-json\/wp\/v2\/pages\/17665","targetHints":{"allow":["GET"]}}],"collection":[{"href":"https:\/\/hnachihair.com\/fr\/wp-json\/wp\/v2\/pages"}],"about":[{"href":"https:\/\/hnachihair.com\/fr\/wp-json\/wp\/v2\/types\/page"}],"author":[{"embeddable":true,"href":"https:\/\/hnachihair.com\/fr\/wp-json\/wp\/v2\/users\/1"}],"replies":[{"embeddable":true,"href":"https:\/\/hnachihair.com\/fr\/wp-json\/wp\/v2\/comments?post=17665"}],"version-history":[{"count":40,"href":"https:\/\/hnachihair.com\/fr\/wp-json\/wp\/v2\/pages\/17665\/revisions"}],"predecessor-version":[{"id":20654,"href":"https:\/\/hnachihair.com\/fr\/wp-json\/wp\/v2\/pages\/17665\/revisions\/20654"}],"wp:attachment":[{"href":"https:\/\/hnachihair.com\/fr\/wp-json\/wp\/v2\/media?parent=17665"}],"curies":[{"name":"wp","href":"https:\/\/api.w.org\/{rel}","templated":true}]}}