{"id":17671,"date":"2023-11-30T14:44:16","date_gmt":"2023-11-30T14:44:16","guid":{"rendered":"https:\/\/hnachihair.com\/accessibilite\/"},"modified":"2024-06-02T18:02:05","modified_gmt":"2024-06-02T18:02:05","slug":"accessibilite","status":"publish","type":"page","link":"https:\/\/hnachihair.com\/fr\/accessibilite\/","title":{"rendered":"Accessibilit\u00e9"},"content":{"rendered":"\t\t<div data-elementor-type=\"wp-page\" data-elementor-id=\"17671\" class=\"elementor elementor-17671 elementor-15757\" data-elementor-post-type=\"page\">\n\t\t\t\t<div class=\"wd-negative-gap elementor-element elementor-element-7b38e82 e-flex e-con-boxed e-con e-parent\" data-id=\"7b38e82\" data-element_type=\"container\">\n\t\t\t\t\t<div class=\"e-con-inner\">\n\t\t\t\t<div class=\"elementor-element elementor-element-55ed13e elementor-widget elementor-widget-heading\" data-id=\"55ed13e\" data-element_type=\"widget\" data-widget_type=\"heading.default\">\n\t\t\t\t<div class=\"elementor-widget-container\">\n\t\t\t\t\t<h2 class=\"elementor-heading-title elementor-size-default\">Accessibilit\u00e9<\/h2>\t\t\t\t<\/div>\n\t\t\t\t<\/div>\n\t\t\t\t<div class=\"elementor-element elementor-element-e34a693 elementor-widget elementor-widget-wd_text_block\" data-id=\"e34a693\" data-element_type=\"widget\" data-widget_type=\"wd_text_block.default\">\n\t\t\t\t<div class=\"elementor-widget-container\">\n\t\t\t\t\t\t\t<div class=\"wd-text-block reset-last-child text-left\">\n\t\t\t\n\t\t\t<p><span style=\"font-weight: 400;\">Nous nous engageons \u00e0 garantir l'acc\u00e8s \u00e0 nos biens et services aux personnes handicap\u00e9es, y compris ceux propos\u00e9s sur notre site web, hnachihair.com, et nos applications mobiles. \u00c0 cet \u00e9gard, nous nous effor\u00e7ons d'adh\u00e9rer aux lignes directrices pour l'accessibilit\u00e9 des contenus web (WCAG) 2.0 niveaux A et AA, un ensemble de lignes directrices \u00e9labor\u00e9es par le World Wide Web Consortium et utilis\u00e9es pour garantir que les contenus num\u00e9riques sont accessibles \u00e0 tous. Nous collaborons \u00e9galement avec des groupes de d\u00e9fense des personnes handicap\u00e9es, des consultants en accessibilit\u00e9 et en utilisabilit\u00e9, ainsi qu'avec des personnes handicap\u00e9es pour veiller \u00e0 ce que notre site web et nos applications mobiles fonctionnent correctement.<\/span><\/p><p><span style=\"font-weight: 400;\">Nous apprenons en permanence et cherchons des moyens d'am\u00e9liorer l'accessibilit\u00e9. Voici quelques mesures que nous avons prises pour am\u00e9liorer l'acc\u00e8s \u00e0 notre site web et \u00e0 nos applications mobiles :<\/span><\/p><p> <\/p><ul><li><span style=\"font-weight: 400;\">  \u00c9quivalents textuels : Nous fournissons des descriptions textuelles alternatives pour les images appropri\u00e9es et les autres \u00e9l\u00e9ments non textuels.<\/span><\/li><li><span style=\"font-weight: 400;\"> Acc\u00e8s complet au clavier : Notre site web est con\u00e7u pour \u00eatre accessible \u00e0 l'aide d'un clavier.<\/span><\/li><li><span style=\"font-weight: 400;\"> Coh\u00e9rence du site : Nous veillons \u00e0 la coh\u00e9rence de la construction de notre site web et de nos applications mobiles afin qu'ils fonctionnent de la m\u00eame mani\u00e8re \u00e0 chaque interaction.<\/span><\/li><li><span style=\"font-weight: 400;\"> Structure du site : Nous utilisons des titres, des listes, des paragraphes, des feuilles de style et d'autres \u00e9l\u00e9ments de formatage appropri\u00e9s pour que les visiteurs puissent facilement utiliser le site web avec des technologies d'assistance.<\/span><\/li><li><span style=\"font-weight: 400;\"> Liens : De nombreux liens ont des attributs de titre qui fournissent des descriptions suppl\u00e9mentaires du lien, \u00e0 moins que le texte du lien ne d\u00e9crive d\u00e9j\u00e0 compl\u00e8tement la cible.<\/span><\/li><\/ul><p><span style=\"font-weight: 400;\">Nous contacter : Si vous avez des commentaires ou des questions concernant notre site web, veuillez contacter notre \u00e9quipe de service \u00e0 la client\u00e8le via notre <\/span><a href=\"https:\/\/hnachihair.com\/fr\/contactez-nous\/\"><span style=\"text-decoration: underline;\"><span style=\"font-weight: 400;\">formulaire de contact<\/span><\/span><\/a><span style=\"font-weight: 400;\">.<\/span><\/p>\n\t\t\t\t\t<\/div>\n\t\t\t\t\t\t<\/div>\n\t\t\t\t<\/div>\n\t\t\t\t\t<\/div>\n\t\t\t\t<\/div>\n\t\t\t\t<\/div>\n\t\t","protected":false},"excerpt":{"rendered":"<p>Accessibilit\u00e9 Nous nous engageons \u00e0 garantir l&rsquo;acc\u00e8s \u00e0 nos biens et services aux personnes handicap\u00e9es, y compris ceux propos\u00e9s sur<\/p>\n","protected":false},"author":1,"featured_media":0,"parent":0,"menu_order":0,"comment_status":"closed","ping_status":"closed","template":"elementor_header_footer","meta":{"footnotes":""},"class_list":["post-17671","page","type-page","status-publish","hentry"],"_links":{"self":[{"href":"https:\/\/hnachihair.com\/fr\/wp-json\/wp\/v2\/pages\/17671","targetHints":{"allow":["GET"]}}],"collection":[{"href":"https:\/\/hnachihair.com\/fr\/wp-json\/wp\/v2\/pages"}],"about":[{"href":"https:\/\/hnachihair.com\/fr\/wp-json\/wp\/v2\/types\/page"}],"author":[{"embeddable":true,"href":"https:\/\/hnachihair.com\/fr\/wp-json\/wp\/v2\/users\/1"}],"replies":[{"embeddable":true,"href":"https:\/\/hnachihair.com\/fr\/wp-json\/wp\/v2\/comments?post=17671"}],"version-history":[{"count":15,"href":"https:\/\/hnachihair.com\/fr\/wp-json\/wp\/v2\/pages\/17671\/revisions"}],"predecessor-version":[{"id":20736,"href":"https:\/\/hnachihair.com\/fr\/wp-json\/wp\/v2\/pages\/17671\/revisions\/20736"}],"wp:attachment":[{"href":"https:\/\/hnachihair.com\/fr\/wp-json\/wp\/v2\/media?parent=17671"}],"curies":[{"name":"wp","href":"https:\/\/api.w.org\/{rel}","templated":true}]}}