{"id":17733,"date":"2023-11-26T23:40:17","date_gmt":"2023-11-26T23:40:17","guid":{"rendered":"https:\/\/hnachihair.com\/politique-de-confidentialite-et-de-cookies\/"},"modified":"2024-12-09T22:00:26","modified_gmt":"2024-12-09T22:00:26","slug":"politique-de-confidentialite-et-de-cookies","status":"publish","type":"page","link":"https:\/\/hnachihair.com\/fr\/politique-de-confidentialite-et-de-cookies\/","title":{"rendered":"POLITIQUE DE CONFIDENTIALIT\u00c9 ET DE COOKIES"},"content":{"rendered":"\t\t<div data-elementor-type=\"wp-page\" data-elementor-id=\"17733\" class=\"elementor elementor-17733 elementor-15648\" data-elementor-post-type=\"page\">\n\t\t\t\t<div class=\"wd-negative-gap elementor-element elementor-element-7db5b78 e-flex e-con-boxed e-con e-parent\" data-id=\"7db5b78\" data-element_type=\"container\">\n\t\t\t\t\t<div class=\"e-con-inner\">\n\t\t\t\t<div class=\"elementor-element elementor-element-fe28811 elementor-widget elementor-widget-heading\" data-id=\"fe28811\" data-element_type=\"widget\" data-widget_type=\"heading.default\">\n\t\t\t\t<div class=\"elementor-widget-container\">\n\t\t\t\t\t<h2 class=\"elementor-heading-title elementor-size-default\">Politique de confidentialit\u00e9<\/h2>\t\t\t\t<\/div>\n\t\t\t\t<\/div>\n\t\t\t\t<div class=\"elementor-element elementor-element-7ad4286 color-scheme-inherit text-left elementor-widget elementor-widget-text-editor\" data-id=\"7ad4286\" data-element_type=\"widget\" data-widget_type=\"text-editor.default\">\n\t\t\t\t<div class=\"elementor-widget-container\">\n\t\t\t\t\t\t\t\t\t<p><span style=\"font-weight: 400;\">Lors du traitement des donn\u00e9es personnelles, HNACHI HAIR L.L.C se conforme aux exigences de la l\u00e9gislation applicable en mati\u00e8re de protection des donn\u00e9es, telle que le r\u00e8glement g\u00e9n\u00e9ral sur la protection des donn\u00e9es.<\/span><\/p><p><span style=\"font-weight: 400;\">Cela signifie que nous :<\/span><\/p><ul><li aria-level=\"1\"><b>Sp\u00e9cifions<span style=\"font-weight: 400;\">\u00a0<strong>clairement nos objectifs<\/strong><\/span><\/b><span style=\"font-weight: 400;\"> avant de traiter les donn\u00e9es personnelles, en utilisant cette d\u00e9claration de confidentialit\u00e9;<\/span><\/li><li style=\"font-weight: 400;\" aria-level=\"1\"><b>Limitons notre collecte de donn\u00e9es personnelles<\/b><span style=\"font-weight: 400;\"> aux seules donn\u00e9es personnelles n\u00e9cessaires \u00e0 des fins l\u00e9gitimes;<\/span><\/li><\/ul><ul><li style=\"font-weight: 400;\" aria-level=\"1\"><span style=\"font-weight: 400;\">Demandons d&rsquo;abord <\/span><b>une autorisation explicite<\/b><span style=\"font-weight: 400;\"> pour traiter vos donn\u00e9es personnelles dans les cas o\u00f9 votre autorisation est requise;<\/span><\/li><li style=\"font-weight: 400;\" aria-level=\"1\"><span style=\"font-weight: 400;\">Prenons <\/span><b>des mesures de s\u00e9curit\u00e9 appropri\u00e9es <\/b><span style=\"font-weight: 400;\">pour prot\u00e9ger vos donn\u00e9es \u00e0 caract\u00e8re personnel et exiger les m\u00eames mesures de la part des parties qui traitent des donn\u00e9es en notre nom;<\/span><\/li><li style=\"font-weight: 400;\" aria-level=\"1\"><b>Respectons<\/b><span style=\"font-weight: 400;\"> votre droit d&rsquo;acc\u00e9der, de rectifier ou de supprimer les donn\u00e9es personnelles que nous d\u00e9tenons \u00e0 votre sujet.<\/span><\/li><\/ul><p><span style=\"font-weight: 400;\">HNACHI HAIR L.L.C est responsable de l&rsquo;ensemble du traitement des donn\u00e9es. Dans cette d\u00e9claration de confidentialit\u00e9, nous expliquons quel type de donn\u00e9es personnelles nous collectons et \u00e0 quelles fins sur notre boutique en ligne. <\/span><a href=\"http:\/\/www.hnachihair.com\"><span style=\"font-weight: 400;\"><span style=\"text-decoration: underline;\">www.hnachihair.com<\/span><\/span><\/a><span style=\"font-weight: 400;\">. Nous vous recommandons de le lire attentivement.<\/span><\/p><p><span style=\"font-weight: 400;\">Si vous avez des questions concernant le traitement des donn\u00e9es personnelles, vous trouverez les coordonn\u00e9es de HNACHI HAIR L.L.C \u00e0 la fin de cette d\u00e9claration de confidentialit\u00e9.<\/span><\/p><p><b>Inscription :<\/b><\/p><p><span style=\"font-weight: 400;\">Certaines fonctionnalit\u00e9s de notre service n\u00e9cessitent une inscription pr\u00e9alable. Vous devrez fournir certaines informations vous concernant et choisir un nom d&rsquo;utilisateur et un mot de passe pour le compte que nous cr\u00e9erons pour vous.<\/span><\/p><p><span style=\"font-weight: 400;\">\u00c0 cette fin, nous utilisons votre adresse \u00e9lectronique. Nous le faisons sur la base de votre consentement. Nous conservons ces informations jusqu&rsquo;\u00e0 ce que vous fermiez votre compte. Nous conserverons ces donn\u00e9es afin que vous n&rsquo;ayez pas \u00e0 les saisir chaque fois que vous visitez notre site web et pour vous contacter au sujet de l&rsquo;ex\u00e9cution du contrat, de la facturation, du paiement, ainsi que pour vous donner un aper\u00e7u des produits et services que vous avez achet\u00e9s chez nous.<\/span><\/p><p><b>Traitement de votre commande :<\/b><\/p><p><span style=\"font-weight: 400;\">Nous utiliserons vos donn\u00e9es personnelles pour traiter votre commande. Nous pouvons partager vos donn\u00e9es avec le service de livraison pour assurer la livraison de votre commande. Nous pouvons \u00e9galement obtenir des informations sur votre paiement aupr\u00e8s de votre banque ou de la soci\u00e9t\u00e9 \u00e9mettrice de votre carte de cr\u00e9dit.<\/span><\/p><p><span style=\"font-weight: 400;\">\u00c0 cette fin, nous utilisons vos coordonn\u00e9es, votre num\u00e9ro de t\u00e9l\u00e9phone, votre adresse de facturation, votre adresse \u00e9lectronique et vos donn\u00e9es de paiement. Nous le faisons sur la base de votre consentement. Nous conservons ces informations pendant deux ans apr\u00e8s l&rsquo;ach\u00e8vement de votre commande. Certains types de donn\u00e9es personnelles seront conserv\u00e9s pendant une p\u00e9riode plus longue pour des raisons de conservation fiscale l\u00e9gale.<\/span><\/p><p><b>Abonnement au bulletin d&rsquo;information :<\/b><\/p><p><span style=\"font-weight: 400;\">Nous avons une lettre d&rsquo;information pour informer les personnes int\u00e9ress\u00e9es sur les nouveaut\u00e9s, les conseils et les informations concernant nos produits et services. Votre adresse \u00e9lectronique n&rsquo;est ajout\u00e9e \u00e0 la liste des abonn\u00e9s qu&rsquo;avec votre autorisation.<\/span><\/p><p><span style=\"font-weight: 400;\">\u00c0 cette fin, nous utilisons votre adresse \u00e9lectronique. Nous le faisons sur la base de votre consentement. Nous conservons ces informations jusqu&rsquo;\u00e0 ce que vous vous d\u00e9sinscriviez.<\/span><\/p><p><span style=\"font-weight: 400;\">Vous pouvez vous d\u00e9sabonner de notre lettre d&rsquo;information \u00e0 tout moment. Chaque lettre d&rsquo;information contient un lien de d\u00e9sinscription.<\/span><\/p><p><b>Promotions :<\/b><\/p><p><span style=\"font-weight: 400;\">Outre les publicit\u00e9s sur le site web, nous pouvons vous informer sur de nouveaux produits ou services :<\/span><\/p><ul><li style=\"font-weight: 400;\" aria-level=\"1\"><span style=\"font-weight: 400;\">Par courrier \u00e9lectronique<\/span><\/li><li style=\"font-weight: 400;\" aria-level=\"1\"><span style=\"font-weight: 400;\">Par le biais des m\u00e9dias sociaux<\/span><\/li><\/ul><p><span style=\"font-weight: 400;\">Vous pouvez \u00e0 tout moment refuser cette communication promotionnelle. Chaque courriel contient un lien d&rsquo;exclusion. Vous pouvez \u00e9galement nous informer via votre compte.<\/span><\/p><p><b>Donn\u00e9es de localisation :<\/b><\/p><p><span style=\"font-weight: 400;\">Si n\u00e9cessaire, nous pouvons collecter vos donn\u00e9es de localisation (GPS). Dans ce cas, nous vous demanderons votre consentement \u00e0 l&rsquo;avance.<\/span><\/p><p><span style=\"font-weight: 400;\">Ces donn\u00e9es de localisation et d&rsquo;autres donn\u00e9es peuvent \u00e9galement \u00eatre stock\u00e9es et trait\u00e9es par le fournisseur du logiciel de navigation\/cartographie, tel que Google Maps, mais les donn\u00e9es peuvent \u00e9galement \u00eatre utilis\u00e9es, par exemple, par Google ou Apple eux-m\u00eames. Nous n&rsquo;avons aucun contr\u00f4le sur leurs actions. Nous vous recommandons de lire la d\u00e9claration de confidentialit\u00e9 du fournisseur concern\u00e9.<\/span><\/p><p><b>Transmission de donn\u00e9es \u00e0 des tiers :<\/b><\/p><p><span style=\"font-weight: 400;\">\u00c0 l&rsquo;exception des parties n\u00e9cessaires \u00e0 la fourniture des services mentionn\u00e9s ci-dessus, nous ne fournissons en aucun cas vos donn\u00e9es personnelles \u00e0 d&rsquo;autres soci\u00e9t\u00e9s ou organisations, sauf si la loi l&rsquo;exige (par exemple, lorsque la police demande l&rsquo;acc\u00e8s \u00e0 des donn\u00e9es personnelles en cas de suspicion de crime).<\/span><\/p><p><b>Statistiques :<\/b><\/p><p><span style=\"font-weight: 400;\">Nous conservons des statistiques sur l&rsquo;utilisation de notre boutique en ligne, mais ces statistiques sont toujours anonymes.<\/span><\/p><p><b>Cookies :<\/b><\/p><p><span style=\"font-weight: 400;\">Notre boutique en ligne utilise des cookies. Les cookies sont de petits fichiers dans lesquels nous pouvons stocker des informations afin que vous n&rsquo;ayez pas \u00e0 les saisir \u00e0 nouveau. Nous pouvons \u00e9galement les utiliser pour savoir si vous revenez nous voir.<\/span><\/p><p><span style=\"font-weight: 400;\">La premi\u00e8re fois que vous visitez notre boutique en ligne, nous vous montrerons une notification expliquant nos cookies et vous demandant la permission d&rsquo;utiliser ces cookies.<\/span><\/p><p><span style=\"font-weight: 400;\">Vous pouvez d\u00e9sactiver l&rsquo;utilisation des cookies par le biais des param\u00e8tres de votre navigateur, mais certaines parties de notre site web risquent alors de ne pas fonctionner correctement.<\/span><\/p><p><b>S\u00e9curit\u00e9 :<\/b><\/p><p><span style=\"font-weight: 400;\">Nous prenons des mesures de s\u00e9curit\u00e9 pour r\u00e9duire les abus et l&rsquo;acc\u00e8s non autoris\u00e9 aux donn\u00e9es personnelles. Nous sommes responsables de la s\u00e9curit\u00e9 de vos donn\u00e9es personnelles. Nous renouvelons nos mesures de s\u00e9curit\u00e9 pour garantir le stockage s\u00e9curis\u00e9 des donn\u00e9es \u00e0 caract\u00e8re personnel et surveiller les violations potentielles.<\/span><\/p><p><b>Modifications de cette d\u00e9claration de confidentialit\u00e9 :<\/b><\/p><p><span style=\"font-weight: 400;\">Nous nous r\u00e9servons le droit de modifier cette d\u00e9claration. Nous vous recommandons de consulter r\u00e9guli\u00e8rement cette d\u00e9claration pour vous tenir au courant de tout changement. Consultation et modification de vos donn\u00e9es : Vous pouvez toujours nous contacter si vous avez des questions sur notre politique de confidentialit\u00e9 ou si vous souhaitez consulter, modifier ou supprimer vos donn\u00e9es personnelles.<\/span><\/p><p><span style=\"font-weight: 400;\">Vous avez les droits suivants :<\/span><\/p><ul><li style=\"font-weight: 400;\" aria-level=\"1\"><span style=\"font-weight: 400;\">Droit d&rsquo;acc\u00e8s : Vous avez le droit de consulter les donn\u00e9es \u00e0 caract\u00e8re personnel que nous traitons \u00e0 votre sujet.<\/span><\/li><li style=\"font-weight: 400;\" aria-level=\"1\"><span style=\"font-weight: 400;\">Droit de rectification : Vous avez le droit de rectifier les donn\u00e9es \u00e0 caract\u00e8re personnel que nous avons trait\u00e9es \u00e0 votre sujet si elles sont (partiellement) incorrectes.<\/span><\/li><li style=\"font-weight: 400;\" aria-level=\"1\"><span style=\"font-weight: 400;\">Droit de r\u00e9clamation : Vous avez le droit de d\u00e9poser une plainte contre le traitement de vos donn\u00e9es personnelles par nous, ou contre le marketing direct.<\/span><\/li><li style=\"font-weight: 400;\" aria-level=\"1\"><span style=\"font-weight: 400;\">Droit \u00e0 l&rsquo;oubli : Vous pouvez nous demander de supprimer toutes les donn\u00e9es personnelles que nous avons trait\u00e9es \u00e0 votre sujet.<\/span><\/li><li style=\"font-weight: 400;\" aria-level=\"1\"><span style=\"font-weight: 400;\">Droit \u00e0 la portabilit\u00e9 des donn\u00e9es : Si cela est techniquement possible, vous avez le droit de nous demander de transf\u00e9rer vos donn\u00e9es personnelles trait\u00e9es \u00e0 un tiers.<\/span><\/li><li style=\"font-weight: 400;\" aria-level=\"1\"><span style=\"font-weight: 400;\">Droit de restreindre le traitement : Vous pouvez nous demander de restreindre (temporairement) le traitement de vos donn\u00e9es \u00e0 caract\u00e8re personnel.<\/span><\/li><\/ul><p><span style=\"font-weight: 400;\">Si vous exercez l&rsquo;un des droits mentionn\u00e9s ci-dessus, nous pouvons vous demander de fournir une pi\u00e8ce d&rsquo;identit\u00e9 valide pour confirmer que les donn\u00e9es vous appartiennent. Dans ce cas, il est important que vous masquiez votre num\u00e9ro de s\u00e9curit\u00e9 sociale et votre photo.<\/span><\/p><p><span style=\"font-weight: 400;\">Nous r\u00e9pondrons g\u00e9n\u00e9ralement \u00e0 votre demande dans un d\u00e9lai d&rsquo;un mois. Ce d\u00e9lai peut \u00eatre prolong\u00e9 si la demande est complexe ou concerne un droit sp\u00e9cifique. Vous serez inform\u00e9 de toute prolongation de ce d\u00e9lai.<\/span><\/p><p><b>Plaintes :<\/b><\/p><p><span style=\"font-weight: 400;\">Si vous souhaitez d\u00e9poser une plainte concernant notre utilisation des donn\u00e9es \u00e0 caract\u00e8re personnel, veuillez envoyer un courriel avec les d\u00e9tails de votre plainte \u00e0\u00a0<\/span><a href=\"mailto:info@hnachihair.com\"><span style=\"text-decoration: underline;\"><span style=\"font-weight: 400;\">info@hnachihair.com<\/span><\/span><\/a><span style=\"font-weight: 400;\">.<\/span> <span style=\"font-weight: 400;\">Nous examinerons et r\u00e9pondrons \u00e0 toutes les plaintes que nous recevrons.<\/span><\/p><p><span style=\"font-weight: 400;\">Si vous estimez que nous ne vous aidons pas correctement, vous avez le droit de d\u00e9poser une plainte aupr\u00e8s de l&rsquo;autorit\u00e9 comp\u00e9tente. <\/span><span style=\"font-weight: 400;\">\u00c0 Duba\u00ef, l&rsquo;autorit\u00e9 comp\u00e9tente est le Department of Economy and Tourism (DET).<\/span><span style=\"font-weight: 400;\"> Coordonn\u00e9es HNACHI HAIR L.L.C ALBAHAR, Bureau 103-455, Al Khabeesi, Duba\u00ef, \u00c9mirats Arabes Unis <\/span><span style=\"text-decoration: underline;\"><a href=\"mailto:info@hnachihair.com\"><span style=\"font-weight: 400;\">info@hnachihair.com<\/span><\/a><\/span> <span style=\"text-decoration: underline;\"><a href=\"tel:+971501013044\">+971 50 101 3044<\/a><\/span><\/p>\t\t\t\t\t\t\t\t<\/div>\n\t\t\t\t<\/div>\n\t\t\t\t\t<\/div>\n\t\t\t\t<\/div>\n\t\t\t\t<\/div>\n\t\t","protected":false},"excerpt":{"rendered":"<p>Politique de confidentialit\u00e9 Lors du traitement des donn\u00e9es personnelles, HNACHI HAIR L.L.C se conforme aux exigences de la l\u00e9gislation applicable<\/p>\n","protected":false},"author":1,"featured_media":0,"parent":0,"menu_order":0,"comment_status":"closed","ping_status":"closed","template":"elementor_header_footer","meta":{"footnotes":""},"class_list":["post-17733","page","type-page","status-publish","hentry"],"_links":{"self":[{"href":"https:\/\/hnachihair.com\/fr\/wp-json\/wp\/v2\/pages\/17733","targetHints":{"allow":["GET"]}}],"collection":[{"href":"https:\/\/hnachihair.com\/fr\/wp-json\/wp\/v2\/pages"}],"about":[{"href":"https:\/\/hnachihair.com\/fr\/wp-json\/wp\/v2\/types\/page"}],"author":[{"embeddable":true,"href":"https:\/\/hnachihair.com\/fr\/wp-json\/wp\/v2\/users\/1"}],"replies":[{"embeddable":true,"href":"https:\/\/hnachihair.com\/fr\/wp-json\/wp\/v2\/comments?post=17733"}],"version-history":[{"count":21,"href":"https:\/\/hnachihair.com\/fr\/wp-json\/wp\/v2\/pages\/17733\/revisions"}],"predecessor-version":[{"id":22055,"href":"https:\/\/hnachihair.com\/fr\/wp-json\/wp\/v2\/pages\/17733\/revisions\/22055"}],"wp:attachment":[{"href":"https:\/\/hnachihair.com\/fr\/wp-json\/wp\/v2\/media?parent=17733"}],"curies":[{"name":"wp","href":"https:\/\/api.w.org\/{rel}","templated":true}]}}