{"id":17736,"date":"2023-11-26T23:30:28","date_gmt":"2023-11-26T23:30:28","guid":{"rendered":"https:\/\/hnachihair.com\/livraison-et-retours\/"},"modified":"2024-12-09T21:45:23","modified_gmt":"2024-12-09T21:45:23","slug":"livraison-et-retours","status":"publish","type":"page","link":"https:\/\/hnachihair.com\/fr\/livraison-et-retours\/","title":{"rendered":"Retours et livraison"},"content":{"rendered":"\t\t<div data-elementor-type=\"wp-page\" data-elementor-id=\"17736\" class=\"elementor elementor-17736 elementor-15642\" data-elementor-post-type=\"page\">\n\t\t\t\t<div class=\"wd-negative-gap elementor-element elementor-element-e60c1c2 e-flex e-con-boxed e-con e-parent\" data-id=\"e60c1c2\" data-element_type=\"container\">\n\t\t\t\t\t<div class=\"e-con-inner\">\n\t\t\t\t<div class=\"elementor-element elementor-element-bb9f60d elementor-widget elementor-widget-heading\" data-id=\"bb9f60d\" data-element_type=\"widget\" data-widget_type=\"heading.default\">\n\t\t\t\t<div class=\"elementor-widget-container\">\n\t\t\t\t\t<h2 class=\"elementor-heading-title elementor-size-default\">Livraison et retours<\/h2>\t\t\t\t<\/div>\n\t\t\t\t<\/div>\n\t\t\t\t<div class=\"elementor-element elementor-element-363d6d9 color-scheme-inherit text-left elementor-widget elementor-widget-text-editor\" data-id=\"363d6d9\" data-element_type=\"widget\" data-widget_type=\"text-editor.default\">\n\t\t\t\t<div class=\"elementor-widget-container\">\n\t\t\t\t\t\t\t\t\t<p><strong>LIVRAISON :<\/strong><br \/>La liste des pays dans lesquels nous livrons actuellement sera affich\u00e9e lors de la proc\u00e9dure de paiement.<br \/>Il est de votre responsabilit\u00e9 de nous fournir une adresse de livraison et des coordonn\u00e9es compl\u00e8tes et exactes. Nous ne serons pas responsables si vous nous fournissez des informations incompl\u00e8tes ou inexactes.<br \/>Vous devrez payer tous les frais d&rsquo;exp\u00e9dition et de manutention sp\u00e9cifi\u00e9s au cours du processus de commande. Les frais de livraison vous seront indiqu\u00e9s sur notre site web avant que vous ne finalisiez votre commande, veuillez les v\u00e9rifier attentivement, vous consentez \u00e0 ces frais lorsque vous soumettez votre commande.<\/p>\t\t\t\t\t\t\t\t<\/div>\n\t\t\t\t<\/div>\n\t\t\t\t<div class=\"elementor-element elementor-element-d8dac6a color-scheme-inherit text-left elementor-widget elementor-widget-text-editor\" data-id=\"d8dac6a\" data-element_type=\"widget\" data-widget_type=\"text-editor.default\">\n\t\t\t\t<div class=\"elementor-widget-container\">\n\t\t\t\t\t\t\t\t\t<p><strong>D\u00c9LAI D&rsquo;EXP\u00c9DITION :<\/strong><br \/>Apr\u00e8s avoir pass\u00e9 une commande, il faut compter 1 \u00e0 3 jours ouvrables pour l&#8217;emballage et l&rsquo;exp\u00e9dition. Un courriel contenant les d\u00e9tails du suivi sera envoy\u00e9 lors de l&rsquo;exp\u00e9dition. La livraison nationale prend jusqu&rsquo;\u00e0 7 jours ouvrables ; les d\u00e9lais de livraison internationaux varient en fonction du lieu et de la m\u00e9thode choisie.<\/p>\n\t\t\t\t\t\t\t\t<\/div>\n\t\t\t\t<\/div>\n\t\t\t\t<div class=\"elementor-element elementor-element-582004b color-scheme-inherit text-left elementor-widget elementor-widget-text-editor\" data-id=\"582004b\" data-element_type=\"widget\" data-widget_type=\"text-editor.default\">\n\t\t\t\t<div class=\"elementor-widget-container\">\n\t\t\t\t\t\t\t\t\t<p><strong>LIVRAISON INTERNATIONALE:<\/strong><br \/>Nous offrons la livraison standard gratuite pour la plupart des commandes internationales de plus de 600 AED, hors droits et taxes. Il peut y avoir des restrictions sp\u00e9cifiques \u00e0 certains produits. Pour les commandes de moins de 600 AED, les options d&rsquo;exp\u00e9dition exactes pour votre pays seront pr\u00e9sent\u00e9es lors du paiement. Les commandes internationales peuvent subir des retards. Si votre commande n&rsquo;est pas arriv\u00e9e dans les 3 semaines suivant la passation de commande, veuillez contacter notre service client pour des mises \u00e0 jour via notre <a href=\"https:\/\/hnachihair.com\/fr\/contactez-nous\/\"><span style=\"text-decoration: underline;\">formulaire de contact<\/span><\/a>. Les d\u00e9lais de livraison varient en fonction du pays de destination. La plupart des commandes internationales seront livr\u00e9es dans un d\u00e9lai de 4 \u00e0 21 jours ouvrables apr\u00e8s le traitement de la commande dans notre entrep\u00f4t. Pour les pays concern\u00e9s, les droits et taxes seront automatiquement calcul\u00e9s dans le prix du produit ou lors du paiement.<\/p>\t\t\t\t\t\t\t\t<\/div>\n\t\t\t\t<\/div>\n\t\t\t\t<div class=\"elementor-element elementor-element-1d6a7cf color-scheme-inherit text-left elementor-widget elementor-widget-text-editor\" data-id=\"1d6a7cf\" data-element_type=\"widget\" data-widget_type=\"text-editor.default\">\n\t\t\t\t<div class=\"elementor-widget-container\">\n\t\t\t\t\t\t\t\t\t<p><strong>POLITIQUE DE REMBOURSEMENT:<\/strong><br \/>Nous ne pouvons pas offrir de remboursements, de retours ni d&rsquo;\u00e9changes. Toutes les ventes sont d\u00e9finitives. Veuillez noter que HNACHI HAIR se r\u00e9serve le droit de refuser tout retour, r\u00e9exp\u00e9dition et remboursement. Dans le cas peu probable o\u00f9 un produit arrive endommag\u00e9, vous devez <a href=\"https:\/\/hnachihair.com\/fr\/contactez-nous\/\"><span style=\"text-decoration: underline;\">nous contacter<\/span><\/a> dans les quarante-huit (48) heures suivant la livraison. Nous pourrions vous demander des photos du produit endommag\u00e9.<\/p>\t\t\t\t\t\t\t\t<\/div>\n\t\t\t\t<\/div>\n\t\t\t\t<div class=\"elementor-element elementor-element-17a04d1 color-scheme-inherit text-left elementor-widget elementor-widget-text-editor\" data-id=\"17a04d1\" data-element_type=\"widget\" data-widget_type=\"text-editor.default\">\n\t\t\t\t<div class=\"elementor-widget-container\">\n\t\t\t\t\t\t\t\t\t<p><strong>LA POLITIQUE D&rsquo;\u00c9CHANGE :<\/strong><br \/>Veuillez noter que nous n&rsquo;acceptons pas les \u00e9changes de produits ou de teintes. Une fois votre commande pass\u00e9e, l&rsquo;article que vous avez s\u00e9lectionn\u00e9 sera livr\u00e9 tel qu&rsquo;il a \u00e9t\u00e9 command\u00e9. Si, apr\u00e8s la livraison, le produit ou la nuance n&rsquo;est pas conforme \u00e0 ce qui \u00e9tait pr\u00e9vu, veuillez <span style=\"text-decoration: underline;\"><a href=\"https:\/\/hnachihair.com\/fr\/contactez-nous\/\">nous contacter<\/a><\/span> dans les 48 heures suivant la livraison. Veuillez noter que HNACHI HAIR ne peut autoriser aucun retour ou \u00e9change si le produit a \u00e9t\u00e9 utilis\u00e9 ou ouvert.<\/p>\t\t\t\t\t\t\t\t<\/div>\n\t\t\t\t<\/div>\n\t\t\t\t<div class=\"elementor-element elementor-element-389147a color-scheme-inherit text-left elementor-widget elementor-widget-text-editor\" data-id=\"389147a\" data-element_type=\"widget\" data-widget_type=\"text-editor.default\">\n\t\t\t\t<div class=\"elementor-widget-container\">\n\t\t\t\t\t\t\t\t\t<p><strong>DES PERTURBATIONS DANS L&rsquo;ACHEMINEMENT DES MARCHANDISES :<\/strong><br \/>Les colis non distribuables par FedEx, USPS, DHL et leurs partenaires d&rsquo;exp\u00e9dition internationaux seront annul\u00e9s et rembours\u00e9s une fois re\u00e7us et trait\u00e9s par notre centre d&rsquo;exp\u00e9dition.<\/p>\n\t\t\t\t\t\t\t\t<\/div>\n\t\t\t\t<\/div>\n\t\t\t\t\t<\/div>\n\t\t\t\t<\/div>\n\t\t\t\t<\/div>\n\t\t","protected":false},"excerpt":{"rendered":"<p>Livraison et retours LIVRAISON :La liste des pays dans lesquels nous livrons actuellement sera affich\u00e9e lors de la proc\u00e9dure de<\/p>\n","protected":false},"author":1,"featured_media":0,"parent":0,"menu_order":0,"comment_status":"closed","ping_status":"closed","template":"elementor_header_footer","meta":{"footnotes":""},"class_list":["post-17736","page","type-page","status-publish","hentry"],"_links":{"self":[{"href":"https:\/\/hnachihair.com\/fr\/wp-json\/wp\/v2\/pages\/17736","targetHints":{"allow":["GET"]}}],"collection":[{"href":"https:\/\/hnachihair.com\/fr\/wp-json\/wp\/v2\/pages"}],"about":[{"href":"https:\/\/hnachihair.com\/fr\/wp-json\/wp\/v2\/types\/page"}],"author":[{"embeddable":true,"href":"https:\/\/hnachihair.com\/fr\/wp-json\/wp\/v2\/users\/1"}],"replies":[{"embeddable":true,"href":"https:\/\/hnachihair.com\/fr\/wp-json\/wp\/v2\/comments?post=17736"}],"version-history":[{"count":24,"href":"https:\/\/hnachihair.com\/fr\/wp-json\/wp\/v2\/pages\/17736\/revisions"}],"predecessor-version":[{"id":22043,"href":"https:\/\/hnachihair.com\/fr\/wp-json\/wp\/v2\/pages\/17736\/revisions\/22043"}],"wp:attachment":[{"href":"https:\/\/hnachihair.com\/fr\/wp-json\/wp\/v2\/media?parent=17736"}],"curies":[{"name":"wp","href":"https:\/\/api.w.org\/{rel}","templated":true}]}}