{"id":18932,"date":"2024-02-10T16:51:56","date_gmt":"2024-02-10T16:51:56","guid":{"rendered":"https:\/\/hnachihair.com\/product\/dissolvant-pour-extension-de-cheveux\/"},"modified":"2024-06-04T11:05:36","modified_gmt":"2024-06-04T11:05:36","slug":"liquide-de-depose","status":"publish","type":"product","link":"https:\/\/hnachihair.com\/fr\/produit\/liquide-de-depose\/","title":{"rendered":"LIQUIDE\u00a0DE\u00a0D\u00c9POSE"},"content":{"rendered":"<p><strong>INGR\u00c9DIENTS :<\/strong><br \/>\nAlcool, Alcool isopropylique, Parfum, Linalol, Coumarine, Eug\u00e9nol, Limon\u00e8ne, Alcool anis\u00e9, Cinnamal, Alcool benzylique, Benzoate de benzyle, Cinnamate de benzyle.<\/p>\n","protected":false},"excerpt":{"rendered":"<p>Un liquide sp\u00e9cial pour le retrait des extensions de cheveux. Il permet de retirer rapidement les extensions \u00e0 la k\u00e9ratine et les extensions adh\u00e9sives. Sa composition \u00e0 base d&rsquo;alcool dissout les liaisons des extensions, ce qui permet de les retirer facilement sans tirer sur les cheveux naturels. Il est doux pour les cheveux et le cuir chevelu, garantissant un processus s\u00fbr. De plus, l&#8217;embout goutte \u00e0 goutte permet d&rsquo;utiliser la juste quantit\u00e9, ce qui permet d&rsquo;\u00e9conomiser le produit.<\/p>\n","protected":false},"featured_media":18926,"comment_status":"open","ping_status":"closed","template":"","meta":[],"product_brand":[],"product_cat":[102],"product_tag":[],"class_list":{"0":"post-18932","1":"product","2":"type-product","3":"status-publish","4":"has-post-thumbnail","6":"product_cat-accessoirs-fr","8":"first","9":"outofstock","10":"taxable","11":"shipping-taxable","12":"purchasable","13":"product-type-simple"},"_links":{"self":[{"href":"https:\/\/hnachihair.com\/fr\/wp-json\/wp\/v2\/product\/18932","targetHints":{"allow":["GET"]}}],"collection":[{"href":"https:\/\/hnachihair.com\/fr\/wp-json\/wp\/v2\/product"}],"about":[{"href":"https:\/\/hnachihair.com\/fr\/wp-json\/wp\/v2\/types\/product"}],"replies":[{"embeddable":true,"href":"https:\/\/hnachihair.com\/fr\/wp-json\/wp\/v2\/comments?post=18932"}],"version-history":[{"count":8,"href":"https:\/\/hnachihair.com\/fr\/wp-json\/wp\/v2\/product\/18932\/revisions"}],"predecessor-version":[{"id":20615,"href":"https:\/\/hnachihair.com\/fr\/wp-json\/wp\/v2\/product\/18932\/revisions\/20615"}],"wp:featuredmedia":[{"embeddable":true,"href":"https:\/\/hnachihair.com\/fr\/wp-json\/wp\/v2\/media\/18926"}],"wp:attachment":[{"href":"https:\/\/hnachihair.com\/fr\/wp-json\/wp\/v2\/media?parent=18932"}],"wp:term":[{"taxonomy":"product_brand","embeddable":true,"href":"https:\/\/hnachihair.com\/fr\/wp-json\/wp\/v2\/product_brand?post=18932"},{"taxonomy":"product_cat","embeddable":true,"href":"https:\/\/hnachihair.com\/fr\/wp-json\/wp\/v2\/product_cat?post=18932"},{"taxonomy":"product_tag","embeddable":true,"href":"https:\/\/hnachihair.com\/fr\/wp-json\/wp\/v2\/product_tag?post=18932"}],"curies":[{"name":"wp","href":"https:\/\/api.w.org\/{rel}","templated":true}]}}