{"id":18934,"date":"2024-02-10T16:49:46","date_gmt":"2024-02-10T16:49:46","guid":{"rendered":"https:\/\/hnachihair.com\/product\/ruban-adhesif-dans-lautocollant\/"},"modified":"2024-06-04T11:09:21","modified_gmt":"2024-06-04T11:09:21","slug":"ruban-adhesif-dans-lautocollant","status":"publish","type":"product","link":"https:\/\/hnachihair.com\/fr\/produit\/ruban-adhesif-dans-lautocollant\/","title":{"rendered":"RECHARGES ADH\u00c9SIVES"},"content":{"rendered":"","protected":false},"excerpt":{"rendered":"<p style=\"font-weight: 400;\">Il s\u2019agit des recharges autocollantes pour extensions \u00e0 bandes adh\u00e9sives. Ces rubans sont pr\u00e9-coup\u00e9 en forme adapt\u00e9e \u00e0 la plupart des extensions de cheveux, qui fait gagner un temps de fou! Ces languettes de ruban sont fabriqu\u00e9es avec un adh\u00e9sif de qualit\u00e9 durable et solide, mais facile \u00e0 retirer sans aucun r\u00e9sidu. Elles sont transparentes et minces, non seulement peuvent adh\u00e9rer parfaitement aux cheveux, mais peuvent \u00e9galement \u00eatre bien cach\u00e9es dans les cheveux et ne sont pas facilement visible.<\/p>\n","protected":false},"featured_media":18921,"comment_status":"open","ping_status":"closed","template":"","meta":[],"product_brand":[],"product_cat":[102,101],"product_tag":[],"class_list":{"0":"post-18934","1":"product","2":"type-product","3":"status-publish","4":"has-post-thumbnail","6":"product_cat-accessoirs-fr","7":"product_cat-meilleures-ventes","9":"first","10":"outofstock","11":"taxable","12":"shipping-taxable","13":"purchasable","14":"product-type-simple"},"_links":{"self":[{"href":"https:\/\/hnachihair.com\/fr\/wp-json\/wp\/v2\/product\/18934","targetHints":{"allow":["GET"]}}],"collection":[{"href":"https:\/\/hnachihair.com\/fr\/wp-json\/wp\/v2\/product"}],"about":[{"href":"https:\/\/hnachihair.com\/fr\/wp-json\/wp\/v2\/types\/product"}],"replies":[{"embeddable":true,"href":"https:\/\/hnachihair.com\/fr\/wp-json\/wp\/v2\/comments?post=18934"}],"version-history":[{"count":3,"href":"https:\/\/hnachihair.com\/fr\/wp-json\/wp\/v2\/product\/18934\/revisions"}],"predecessor-version":[{"id":20616,"href":"https:\/\/hnachihair.com\/fr\/wp-json\/wp\/v2\/product\/18934\/revisions\/20616"}],"wp:featuredmedia":[{"embeddable":true,"href":"https:\/\/hnachihair.com\/fr\/wp-json\/wp\/v2\/media\/18921"}],"wp:attachment":[{"href":"https:\/\/hnachihair.com\/fr\/wp-json\/wp\/v2\/media?parent=18934"}],"wp:term":[{"taxonomy":"product_brand","embeddable":true,"href":"https:\/\/hnachihair.com\/fr\/wp-json\/wp\/v2\/product_brand?post=18934"},{"taxonomy":"product_cat","embeddable":true,"href":"https:\/\/hnachihair.com\/fr\/wp-json\/wp\/v2\/product_cat?post=18934"},{"taxonomy":"product_tag","embeddable":true,"href":"https:\/\/hnachihair.com\/fr\/wp-json\/wp\/v2\/product_tag?post=18934"}],"curies":[{"name":"wp","href":"https:\/\/api.w.org\/{rel}","templated":true}]}}