{"id":18935,"date":"2024-02-10T16:47:38","date_gmt":"2024-02-10T16:47:38","guid":{"rendered":"https:\/\/hnachihair.com\/product\/ensemble-de-pinces\/"},"modified":"2024-06-04T10:23:33","modified_gmt":"2024-06-04T10:23:33","slug":"ensemble-de-pinces","status":"publish","type":"product","link":"https:\/\/hnachihair.com\/fr\/produit\/ensemble-de-pinces\/","title":{"rendered":"KIT D\u2019OUTILS"},"content":{"rendered":"","protected":false},"excerpt":{"rendered":"<p style=\"font-weight: 400;\">D\u00e9couvrez notre kit d&rsquo;outils professionnel d&rsquo;extension de cheveux en acier inoxydable de qualit\u00e9 chirurgicale. Con\u00e7u aussi bien pour les coiffeurs professionnels que pour un usage \u00e0 domicile, cet ensemble d\u2019outils offre une facilit\u00e9 d&rsquo;utilisation exceptionnelle pour retirer et appliquer toutes les extensions capillaires. Gr\u00e2ce \u00e0 notre kit, gagnez un temps pr\u00e9cieux tout en obtenant des r\u00e9sultats impeccables, sans complications.<\/p>\n","protected":false},"featured_media":18910,"comment_status":"open","ping_status":"closed","template":"","meta":[],"product_brand":[],"product_cat":[102],"product_tag":[],"class_list":{"0":"post-18935","1":"product","2":"type-product","3":"status-publish","4":"has-post-thumbnail","6":"product_cat-accessoirs-fr","8":"first","9":"outofstock","10":"taxable","11":"shipping-taxable","12":"purchasable","13":"product-type-simple"},"_links":{"self":[{"href":"https:\/\/hnachihair.com\/fr\/wp-json\/wp\/v2\/product\/18935","targetHints":{"allow":["GET"]}}],"collection":[{"href":"https:\/\/hnachihair.com\/fr\/wp-json\/wp\/v2\/product"}],"about":[{"href":"https:\/\/hnachihair.com\/fr\/wp-json\/wp\/v2\/types\/product"}],"replies":[{"embeddable":true,"href":"https:\/\/hnachihair.com\/fr\/wp-json\/wp\/v2\/comments?post=18935"}],"version-history":[{"count":4,"href":"https:\/\/hnachihair.com\/fr\/wp-json\/wp\/v2\/product\/18935\/revisions"}],"predecessor-version":[{"id":20462,"href":"https:\/\/hnachihair.com\/fr\/wp-json\/wp\/v2\/product\/18935\/revisions\/20462"}],"wp:featuredmedia":[{"embeddable":true,"href":"https:\/\/hnachihair.com\/fr\/wp-json\/wp\/v2\/media\/18910"}],"wp:attachment":[{"href":"https:\/\/hnachihair.com\/fr\/wp-json\/wp\/v2\/media?parent=18935"}],"wp:term":[{"taxonomy":"product_brand","embeddable":true,"href":"https:\/\/hnachihair.com\/fr\/wp-json\/wp\/v2\/product_brand?post=18935"},{"taxonomy":"product_cat","embeddable":true,"href":"https:\/\/hnachihair.com\/fr\/wp-json\/wp\/v2\/product_cat?post=18935"},{"taxonomy":"product_tag","embeddable":true,"href":"https:\/\/hnachihair.com\/fr\/wp-json\/wp\/v2\/product_tag?post=18935"}],"curies":[{"name":"wp","href":"https:\/\/api.w.org\/{rel}","templated":true}]}}