{"id":18937,"date":"2024-02-10T16:44:43","date_gmt":"2024-02-10T16:44:43","guid":{"rendered":"https:\/\/hnachihair.com\/product\/grippers\/"},"modified":"2025-05-31T14:17:56","modified_gmt":"2025-05-31T14:17:56","slug":"barrettesvelcro","status":"publish","type":"product","link":"https:\/\/hnachihair.com\/fr\/produit\/barrettesvelcro\/","title":{"rendered":"BARRETTES VELCRO"},"content":{"rendered":"","protected":false},"excerpt":{"rendered":"<p>Gardez tous vos cheveux indisciplin\u00e9s bien en place tout en appliquant vos extensions sur une partie propre, sans vous soucier des cheveux errants qui pourraient s&rsquo;introduire dans les attaches. Nos attaches r\u00e9utilisables sont flexibles et garantissent une bonne tenue pour tous les types de cheveux. Leur conception l\u00e9g\u00e8re repose \u00e0 plat contre la t\u00eate sans tirer ni arracher les cheveux.<\/p>\n","protected":false},"featured_media":18905,"comment_status":"open","ping_status":"closed","template":"","meta":[],"product_brand":[],"product_cat":[102],"product_tag":[],"class_list":{"0":"post-18937","1":"product","2":"type-product","3":"status-publish","4":"has-post-thumbnail","6":"product_cat-accessoirs-fr","8":"first","9":"outofstock","10":"taxable","11":"shipping-taxable","12":"purchasable","13":"product-type-simple"},"_links":{"self":[{"href":"https:\/\/hnachihair.com\/fr\/wp-json\/wp\/v2\/product\/18937","targetHints":{"allow":["GET"]}}],"collection":[{"href":"https:\/\/hnachihair.com\/fr\/wp-json\/wp\/v2\/product"}],"about":[{"href":"https:\/\/hnachihair.com\/fr\/wp-json\/wp\/v2\/types\/product"}],"replies":[{"embeddable":true,"href":"https:\/\/hnachihair.com\/fr\/wp-json\/wp\/v2\/comments?post=18937"}],"version-history":[{"count":6,"href":"https:\/\/hnachihair.com\/fr\/wp-json\/wp\/v2\/product\/18937\/revisions"}],"predecessor-version":[{"id":22225,"href":"https:\/\/hnachihair.com\/fr\/wp-json\/wp\/v2\/product\/18937\/revisions\/22225"}],"wp:featuredmedia":[{"embeddable":true,"href":"https:\/\/hnachihair.com\/fr\/wp-json\/wp\/v2\/media\/18905"}],"wp:attachment":[{"href":"https:\/\/hnachihair.com\/fr\/wp-json\/wp\/v2\/media?parent=18937"}],"wp:term":[{"taxonomy":"product_brand","embeddable":true,"href":"https:\/\/hnachihair.com\/fr\/wp-json\/wp\/v2\/product_brand?post=18937"},{"taxonomy":"product_cat","embeddable":true,"href":"https:\/\/hnachihair.com\/fr\/wp-json\/wp\/v2\/product_cat?post=18937"},{"taxonomy":"product_tag","embeddable":true,"href":"https:\/\/hnachihair.com\/fr\/wp-json\/wp\/v2\/product_tag?post=18937"}],"curies":[{"name":"wp","href":"https:\/\/api.w.org\/{rel}","templated":true}]}}