{"id":18939,"date":"2024-02-10T16:43:03","date_gmt":"2024-02-10T16:43:03","guid":{"rendered":"https:\/\/hnachihair.com\/product\/pinces-a-cheveux-incassables\/"},"modified":"2024-06-04T10:24:47","modified_gmt":"2024-06-04T10:24:47","slug":"pinces-a-cheveux-incassables","status":"publish","type":"product","link":"https:\/\/hnachihair.com\/fr\/produit\/pinces-a-cheveux-incassables\/","title":{"rendered":"PINCES SANS PLIS"},"content":{"rendered":"","protected":false},"excerpt":{"rendered":"<p style=\"font-weight: 400;\">Elles sont l&rsquo;accessoire parfait dont vous aurez besoin pour maintenir vos cheveux pendant le sommeil, l&rsquo;application de maquillage, la coiffure ou le lavage de votre visage. Elles conviennent \u00e0 tous les types de cheveux et peuvent \u00eatre utilis\u00e9es sur cheveux mouill\u00e9s ou secs. Ces pinces sont con\u00e7ues pour \u00eatre faciles \u00e0 ouvrir et \u00e0 manipuler. Elles sont l\u00e9g\u00e8res et confortables \u00e0 utiliser, sans dents, elles ne laissent pas de pli sur vos cheveux, m\u00eame apr\u00e8s une longue p\u00e9riode d&rsquo;utilisation des pinces. Elles sont fabriqu\u00e9es en plastique de haute qualit\u00e9 et en acier inoxydable, ce qui les rend plus durables m\u00eame apr\u00e8s une utilisation r\u00e9p\u00e9t\u00e9e.<\/p>\n","protected":false},"featured_media":18900,"comment_status":"open","ping_status":"closed","template":"","meta":[],"product_brand":[],"product_cat":[102],"product_tag":[],"class_list":{"0":"post-18939","1":"product","2":"type-product","3":"status-publish","4":"has-post-thumbnail","6":"product_cat-accessoirs-fr","8":"first","9":"outofstock","10":"taxable","11":"shipping-taxable","12":"purchasable","13":"product-type-simple"},"_links":{"self":[{"href":"https:\/\/hnachihair.com\/fr\/wp-json\/wp\/v2\/product\/18939","targetHints":{"allow":["GET"]}}],"collection":[{"href":"https:\/\/hnachihair.com\/fr\/wp-json\/wp\/v2\/product"}],"about":[{"href":"https:\/\/hnachihair.com\/fr\/wp-json\/wp\/v2\/types\/product"}],"replies":[{"embeddable":true,"href":"https:\/\/hnachihair.com\/fr\/wp-json\/wp\/v2\/comments?post=18939"}],"version-history":[{"count":5,"href":"https:\/\/hnachihair.com\/fr\/wp-json\/wp\/v2\/product\/18939\/revisions"}],"predecessor-version":[{"id":20618,"href":"https:\/\/hnachihair.com\/fr\/wp-json\/wp\/v2\/product\/18939\/revisions\/20618"}],"wp:featuredmedia":[{"embeddable":true,"href":"https:\/\/hnachihair.com\/fr\/wp-json\/wp\/v2\/media\/18900"}],"wp:attachment":[{"href":"https:\/\/hnachihair.com\/fr\/wp-json\/wp\/v2\/media?parent=18939"}],"wp:term":[{"taxonomy":"product_brand","embeddable":true,"href":"https:\/\/hnachihair.com\/fr\/wp-json\/wp\/v2\/product_brand?post=18939"},{"taxonomy":"product_cat","embeddable":true,"href":"https:\/\/hnachihair.com\/fr\/wp-json\/wp\/v2\/product_cat?post=18939"},{"taxonomy":"product_tag","embeddable":true,"href":"https:\/\/hnachihair.com\/fr\/wp-json\/wp\/v2\/product_tag?post=18939"}],"curies":[{"name":"wp","href":"https:\/\/api.w.org\/{rel}","templated":true}]}}