{"id":18941,"date":"2024-02-10T16:21:10","date_gmt":"2024-02-10T16:21:10","guid":{"rendered":"https:\/\/hnachihair.com\/product\/comb-des-poils-de-la-queue\/"},"modified":"2024-07-25T22:09:23","modified_gmt":"2024-07-25T22:09:23","slug":"peigne-a-queue","status":"publish","type":"product","link":"https:\/\/hnachihair.com\/fr\/produit\/peigne-a-queue\/","title":{"rendered":"PEIGNE \u00c0 QUEUE"},"content":{"rendered":"","protected":false},"excerpt":{"rendered":"<p style=\"font-weight: 400;\">Ce peigne \u00e0 queue, ultra l\u00e9ger, est en plastique de haute qualit\u00e9 avec une t\u00eate en acier inoxydable durable. Il est sp\u00e9cialement con\u00e7u pour r\u00e9sister \u00e0 la chaleur des appareils de coiffage et aux produits chimiques. Sa denture fine permet un travail pr\u00e9cis. Il est id\u00e9al pour soulever, s\u00e9parer et cr\u00eaper les cheveux.<\/p>\n","protected":false},"featured_media":18890,"comment_status":"open","ping_status":"closed","template":"","meta":[],"product_brand":[],"product_cat":[102],"product_tag":[],"class_list":{"0":"post-18941","1":"product","2":"type-product","3":"status-publish","4":"has-post-thumbnail","6":"product_cat-accessoirs-fr","8":"first","9":"outofstock","10":"taxable","11":"shipping-taxable","12":"purchasable","13":"product-type-simple"},"_links":{"self":[{"href":"https:\/\/hnachihair.com\/fr\/wp-json\/wp\/v2\/product\/18941","targetHints":{"allow":["GET"]}}],"collection":[{"href":"https:\/\/hnachihair.com\/fr\/wp-json\/wp\/v2\/product"}],"about":[{"href":"https:\/\/hnachihair.com\/fr\/wp-json\/wp\/v2\/types\/product"}],"replies":[{"embeddable":true,"href":"https:\/\/hnachihair.com\/fr\/wp-json\/wp\/v2\/comments?post=18941"}],"version-history":[{"count":6,"href":"https:\/\/hnachihair.com\/fr\/wp-json\/wp\/v2\/product\/18941\/revisions"}],"predecessor-version":[{"id":21301,"href":"https:\/\/hnachihair.com\/fr\/wp-json\/wp\/v2\/product\/18941\/revisions\/21301"}],"wp:featuredmedia":[{"embeddable":true,"href":"https:\/\/hnachihair.com\/fr\/wp-json\/wp\/v2\/media\/18890"}],"wp:attachment":[{"href":"https:\/\/hnachihair.com\/fr\/wp-json\/wp\/v2\/media?parent=18941"}],"wp:term":[{"taxonomy":"product_brand","embeddable":true,"href":"https:\/\/hnachihair.com\/fr\/wp-json\/wp\/v2\/product_brand?post=18941"},{"taxonomy":"product_cat","embeddable":true,"href":"https:\/\/hnachihair.com\/fr\/wp-json\/wp\/v2\/product_cat?post=18941"},{"taxonomy":"product_tag","embeddable":true,"href":"https:\/\/hnachihair.com\/fr\/wp-json\/wp\/v2\/product_tag?post=18941"}],"curies":[{"name":"wp","href":"https:\/\/api.w.org\/{rel}","templated":true}]}}