{"id":18942,"date":"2024-02-10T16:19:01","date_gmt":"2024-02-10T16:19:01","guid":{"rendered":"https:\/\/hnachihair.com\/product\/brosse-pour-extension-de-cheveux\/"},"modified":"2024-06-04T10:26:48","modified_gmt":"2024-06-04T10:26:48","slug":"brosse-pour-extension-de-cheveux","status":"publish","type":"product","link":"https:\/\/hnachihair.com\/fr\/produit\/brosse-pour-extension-de-cheveux\/","title":{"rendered":"BROSSE \u00c0 CHEVEUX"},"content":{"rendered":"","protected":false},"excerpt":{"rendered":"<p><span data-contrast=\"none\">Notre brosse est fabriqu\u00e9e avec des poils de sanglier, le mat\u00e9riau le plus fin pour d\u00e9m\u00ealer d\u00e9licatement vos extensions sans les ab\u00eemer. Elle poss\u00e8de \u00e9galement des picots en nylon doux. La combinaison des poils de sanglier flexibles et des picots en nylon rigides garantit un brossage sans n\u0153uds tout en massant le cuir chevelu pour stimuler la circulation sanguine et favoriser la pousse naturelle des cheveux. Elle est \u00e9galement id\u00e9ale <\/span>pour les personnes qui ont les cheveux tr\u00e8s fins et fragiles. Vous prenez ainsi aucun risque d\u2019ab\u00eemer ni vos cheveux naturels, ni les extensions, ni les points de fixation.<\/p>\n","protected":false},"featured_media":18881,"comment_status":"open","ping_status":"closed","template":"","meta":[],"product_brand":[],"product_cat":[102,101],"product_tag":[],"class_list":{"0":"post-18942","1":"product","2":"type-product","3":"status-publish","4":"has-post-thumbnail","6":"product_cat-accessoirs-fr","7":"product_cat-meilleures-ventes","9":"first","10":"outofstock","11":"taxable","12":"shipping-taxable","13":"purchasable","14":"product-type-simple"},"_links":{"self":[{"href":"https:\/\/hnachihair.com\/fr\/wp-json\/wp\/v2\/product\/18942","targetHints":{"allow":["GET"]}}],"collection":[{"href":"https:\/\/hnachihair.com\/fr\/wp-json\/wp\/v2\/product"}],"about":[{"href":"https:\/\/hnachihair.com\/fr\/wp-json\/wp\/v2\/types\/product"}],"replies":[{"embeddable":true,"href":"https:\/\/hnachihair.com\/fr\/wp-json\/wp\/v2\/comments?post=18942"}],"version-history":[{"count":3,"href":"https:\/\/hnachihair.com\/fr\/wp-json\/wp\/v2\/product\/18942\/revisions"}],"predecessor-version":[{"id":20613,"href":"https:\/\/hnachihair.com\/fr\/wp-json\/wp\/v2\/product\/18942\/revisions\/20613"}],"wp:featuredmedia":[{"embeddable":true,"href":"https:\/\/hnachihair.com\/fr\/wp-json\/wp\/v2\/media\/18881"}],"wp:attachment":[{"href":"https:\/\/hnachihair.com\/fr\/wp-json\/wp\/v2\/media?parent=18942"}],"wp:term":[{"taxonomy":"product_brand","embeddable":true,"href":"https:\/\/hnachihair.com\/fr\/wp-json\/wp\/v2\/product_brand?post=18942"},{"taxonomy":"product_cat","embeddable":true,"href":"https:\/\/hnachihair.com\/fr\/wp-json\/wp\/v2\/product_cat?post=18942"},{"taxonomy":"product_tag","embeddable":true,"href":"https:\/\/hnachihair.com\/fr\/wp-json\/wp\/v2\/product_tag?post=18942"}],"curies":[{"name":"wp","href":"https:\/\/api.w.org\/{rel}","templated":true}]}}