{"id":18943,"date":"2024-02-10T16:01:22","date_gmt":"2024-02-10T16:01:22","guid":{"rendered":"https:\/\/hnachihair.com\/product\/sac-de-rangement\/"},"modified":"2024-06-04T10:21:37","modified_gmt":"2024-06-04T10:21:37","slug":"sac-de-rangement","status":"publish","type":"product","link":"https:\/\/hnachihair.com\/fr\/produit\/sac-de-rangement\/","title":{"rendered":"SAC DE RANGEMENT"},"content":{"rendered":"","protected":false},"excerpt":{"rendered":"<p>Lorsque vous n&rsquo;utilisez pas vos extensions de cheveux, rangez-les dans le sac de rangement afin de prolonger leur dur\u00e9e de vie. Ce sac est \u00e9quip\u00e9 d&rsquo;une fermeture \u00e0 glissi\u00e8re et d&rsquo;une fen\u00eatre pour faciliter la visualisation du contenu. Le cintre maintient toutes les pi\u00e8ces de votre ensemble \u00e0 clips en place, \u00e9vitant ainsi les n\u0153uds et les enchev\u00eatrements. En outre, le cintre peut \u00eatre utilis\u00e9 comme un outil de coiffure pratique. Il suffit d&rsquo;attacher vos pi\u00e8ces \u00e0 clips au cintre, de le suspendre et de coiffer vos extensions de cheveux. Cela simplifie le processus de bouclage et de lissage. Notre kit de rangement est \u00e9galement parfait pour les voyages, car vous pouvez le placer en toute s\u00e9curit\u00e9 dans votre valise sans craindre d&rsquo;endommager vos extensions de cheveux.<\/p>\n","protected":false},"featured_media":18870,"comment_status":"open","ping_status":"closed","template":"","meta":[],"product_brand":[],"product_cat":[102,101],"product_tag":[],"class_list":{"0":"post-18943","1":"product","2":"type-product","3":"status-publish","4":"has-post-thumbnail","6":"product_cat-accessoirs-fr","7":"product_cat-meilleures-ventes","9":"first","10":"outofstock","11":"taxable","12":"shipping-taxable","13":"purchasable","14":"product-type-simple"},"_links":{"self":[{"href":"https:\/\/hnachihair.com\/fr\/wp-json\/wp\/v2\/product\/18943","targetHints":{"allow":["GET"]}}],"collection":[{"href":"https:\/\/hnachihair.com\/fr\/wp-json\/wp\/v2\/product"}],"about":[{"href":"https:\/\/hnachihair.com\/fr\/wp-json\/wp\/v2\/types\/product"}],"replies":[{"embeddable":true,"href":"https:\/\/hnachihair.com\/fr\/wp-json\/wp\/v2\/comments?post=18943"}],"version-history":[{"count":1,"href":"https:\/\/hnachihair.com\/fr\/wp-json\/wp\/v2\/product\/18943\/revisions"}],"predecessor-version":[{"id":20373,"href":"https:\/\/hnachihair.com\/fr\/wp-json\/wp\/v2\/product\/18943\/revisions\/20373"}],"wp:featuredmedia":[{"embeddable":true,"href":"https:\/\/hnachihair.com\/fr\/wp-json\/wp\/v2\/media\/18870"}],"wp:attachment":[{"href":"https:\/\/hnachihair.com\/fr\/wp-json\/wp\/v2\/media?parent=18943"}],"wp:term":[{"taxonomy":"product_brand","embeddable":true,"href":"https:\/\/hnachihair.com\/fr\/wp-json\/wp\/v2\/product_brand?post=18943"},{"taxonomy":"product_cat","embeddable":true,"href":"https:\/\/hnachihair.com\/fr\/wp-json\/wp\/v2\/product_cat?post=18943"},{"taxonomy":"product_tag","embeddable":true,"href":"https:\/\/hnachihair.com\/fr\/wp-json\/wp\/v2\/product_tag?post=18943"}],"curies":[{"name":"wp","href":"https:\/\/api.w.org\/{rel}","templated":true}]}}