{"id":18948,"date":"2024-02-10T15:35:13","date_gmt":"2024-02-10T15:35:13","guid":{"rendered":"https:\/\/hnachihair.com\/product\/pointe-de-keratine-cheveux\/"},"modified":"2024-07-26T00:26:15","modified_gmt":"2024-07-26T00:26:15","slug":"keratin-tip-hair-80g-26","status":"publish","type":"product","link":"https:\/\/hnachihair.com\/fr\/produit\/keratin-tip-hair-80g-26\/","title":{"rendered":"KERATIN TIP HAIR 80G 26&Prime;"},"content":{"rendered":"\t\t<div data-elementor-type=\"wp-post\" data-elementor-id=\"18948\" class=\"elementor elementor-18948 elementor-18806\" data-elementor-post-type=\"product\">\n\t\t\t\t<div class=\"wd-negative-gap elementor-element elementor-element-1fd74bc8 e-flex e-con-boxed e-con e-parent\" data-id=\"1fd74bc8\" data-element_type=\"container\">\n\t\t\t\t\t<div class=\"e-con-inner\">\n\t\t\t\t<div class=\"elementor-element elementor-element-55b2f8d7 color-scheme-inherit text-left elementor-widget elementor-widget-text-editor\" data-id=\"55b2f8d7\" data-element_type=\"widget\" data-widget_type=\"text-editor.default\">\n\t\t\t\t<div class=\"elementor-widget-container\">\n\t\t\t\t\t\t\t\t\t<p><strong>QUALIT\u00c9 DES CHEVEUX:<\/strong><br \/>Les cheveux qui composent nos extensions sont 100% naturels, de qualit\u00e9 Remy Hair, ce qui permet de minimiser les n\u0153uds et les enchev\u00eatrements, et de faciliter le brossage. Les cuticules intactes des cheveux utilis\u00e9s, sont align\u00e9es dans le m\u00eame sens, ce qui garantit la douceur et la brillance. Il vous est possible de colorer, lisser, boucler, et travailler vos extensions. \u00c9vitez \u00e9galement d\u2019appliquer votre fer \u00e0 moins de 5 cm des points de fixations \u00e0 k\u00e9ratine de vos extensions.<\/p><p><strong>VOLUME ET LONGUEUR:<\/strong><br \/><strong>1.<\/strong> <strong>Poids total:<\/strong> 80 g \/ 2.8 oz<br \/><strong>2.<\/strong> <strong>Nombre de pi<b>\u00e8<\/b>ces:<\/strong> 40 par paquet <em>(<span lang=\"FR-BE\">chaque pi\u00e8ce fait 2<\/span>\u00a0g)<\/em><br \/><strong>3. <b>Longueur<\/b>:<\/strong> 65 cm \/ 26 po<\/p>\t\t\t\t\t\t\t\t<\/div>\n\t\t\t\t<\/div>\n\t\t\t\t\t<\/div>\n\t\t\t\t<\/div>\n\t\t\t\t<\/div>\n\t\t","protected":false},"excerpt":{"rendered":"<p style=\"font-weight: 400;\">On vous pr\u00e9sente des extensions de cheveux si soyeuses, si douces et si lumineuses, qui sont fix\u00e9es par des points de k\u00e9ratine ultra-l\u00e9g\u00e8re de fa\u00e7on \u00e0 ne pas exercer la moindre pression sur vos propres cheveux, pour un r\u00e9sultat confortable et volumineux jusqu\u2019au pointes.<\/p>\n","protected":false},"featured_media":18831,"comment_status":"open","ping_status":"closed","template":"","meta":[],"product_brand":[],"product_cat":[99],"product_tag":[],"class_list":{"0":"post-18948","1":"product","2":"type-product","3":"status-publish","4":"has-post-thumbnail","6":"product_cat-haute-couture-hair","7":"pa_keratin-tip-hair-jet-black-fr","8":"pa_keratin-tip-hair-natural-black-fr","9":"pa_keratin-tip-hair-platinum-blonde-fr","11":"first","12":"outofstock","13":"taxable","14":"shipping-taxable","15":"purchasable","16":"product-type-variable","17":"has-default-attributes"},"_links":{"self":[{"href":"https:\/\/hnachihair.com\/fr\/wp-json\/wp\/v2\/product\/18948","targetHints":{"allow":["GET"]}}],"collection":[{"href":"https:\/\/hnachihair.com\/fr\/wp-json\/wp\/v2\/product"}],"about":[{"href":"https:\/\/hnachihair.com\/fr\/wp-json\/wp\/v2\/types\/product"}],"replies":[{"embeddable":true,"href":"https:\/\/hnachihair.com\/fr\/wp-json\/wp\/v2\/comments?post=18948"}],"version-history":[{"count":11,"href":"https:\/\/hnachihair.com\/fr\/wp-json\/wp\/v2\/product\/18948\/revisions"}],"predecessor-version":[{"id":21320,"href":"https:\/\/hnachihair.com\/fr\/wp-json\/wp\/v2\/product\/18948\/revisions\/21320"}],"wp:featuredmedia":[{"embeddable":true,"href":"https:\/\/hnachihair.com\/fr\/wp-json\/wp\/v2\/media\/18831"}],"wp:attachment":[{"href":"https:\/\/hnachihair.com\/fr\/wp-json\/wp\/v2\/media?parent=18948"}],"wp:term":[{"taxonomy":"product_brand","embeddable":true,"href":"https:\/\/hnachihair.com\/fr\/wp-json\/wp\/v2\/product_brand?post=18948"},{"taxonomy":"product_cat","embeddable":true,"href":"https:\/\/hnachihair.com\/fr\/wp-json\/wp\/v2\/product_cat?post=18948"},{"taxonomy":"product_tag","embeddable":true,"href":"https:\/\/hnachihair.com\/fr\/wp-json\/wp\/v2\/product_tag?post=18948"}],"curies":[{"name":"wp","href":"https:\/\/api.w.org\/{rel}","templated":true}]}}