{"id":18952,"date":"2024-02-10T15:22:18","date_gmt":"2024-02-10T15:22:18","guid":{"rendered":"https:\/\/hnachihair.com\/product\/ruban-invisible-cheveux\/"},"modified":"2024-07-26T00:47:54","modified_gmt":"2024-07-26T00:47:54","slug":"ruban-invisible-cheveux","status":"publish","type":"product","link":"https:\/\/hnachihair.com\/fr\/produit\/ruban-invisible-cheveux\/","title":{"rendered":"INVISIBLE TAPE HAIR 75G 26&Prime;"},"content":{"rendered":"\t\t<div data-elementor-type=\"wp-post\" data-elementor-id=\"18952\" class=\"elementor elementor-18952 elementor-18779\" data-elementor-post-type=\"product\">\n\t\t\t\t<div class=\"wd-negative-gap elementor-element elementor-element-4bf5776f e-flex e-con-boxed e-con e-parent\" data-id=\"4bf5776f\" data-element_type=\"container\">\n\t\t\t\t\t<div class=\"e-con-inner\">\n\t\t\t\t<div class=\"elementor-element elementor-element-1c0098dd color-scheme-inherit text-left elementor-widget elementor-widget-text-editor\" data-id=\"1c0098dd\" data-element_type=\"widget\" data-widget_type=\"text-editor.default\">\n\t\t\t\t<div class=\"elementor-widget-container\">\n\t\t\t\t\t\t\t\t\t<p><strong>QUALIT\u00c9 DES CHEVEUX:<\/strong><br \/>Nous travaillons avec des cheveux naturels pour des extensions de tr\u00e8s haute qualit\u00e9. Chaque m\u00e8che ne vient que d\u2019UNE SEULE \u00ab donneuse \u00bb et toutes les extensions sont assembl\u00e9es manuellement. Toutes les extensions sont certifi\u00e9es sans n\u0153uds, avec les cuticules ferm\u00e9s et dans le m\u00eame sens, et ce sont des cheveux sains de la racine aux pointes. Outre l\u2019excellente qualit\u00e9 des cheveux que nous utilisons, la partie adh\u00e9sive est tr\u00e8s solide et ne se casse pas malgr\u00e9 les poses et les d\u00e9poses \u00e0 r\u00e9p\u00e9tition. Les bandes sont r\u00e9utilisables jusqu\u2019\u00e0 1 an. Les cheveux resteront toujours aussi soyeux et facile \u00e0 d\u00e9m\u00ealer.<\/p><p><strong>VOLUME ET LONGUEUR:<\/strong><br \/><strong>1. Poids total:<\/strong> 75 g \/ 2.6 oz<br \/><strong>2.<\/strong>\u00a0<b>Nombre de pi\u00e8ces<\/b><strong>:<\/strong> 20 par paquet <em>(<\/em><span lang=\"FR-BE\">chaque pi\u00e8ce fait <\/span><em>3.75 g)<\/em><br \/><strong>3. <\/strong><b>Longueur<\/b><strong>:<\/strong> 65 cm \/ 26 po<\/p>\t\t\t\t\t\t\t\t<\/div>\n\t\t\t\t<\/div>\n\t\t\t\t\t<\/div>\n\t\t\t\t<\/div>\n\t\t\t\t<\/div>\n\t\t","protected":false},"excerpt":{"rendered":"<p style=\"font-weight: 400;\">Il s\u2019agit d\u2019un proc\u00e9d\u00e9 d\u2019extensions adh\u00e9sives totalement invisibles. Les cheveux naturels sont inject\u00e9s dans le sens du cheveu, un \u00e0 un, avec leur cuticule sur la trame en silicone de l\u2019adh\u00e9sif pour une implantation similaire \u00e0 l\u2019implantation des vrais cheveux. Cela permet une discr\u00e9tion maximale pour les clientes qui poss\u00e8de un cheveux clairsem\u00e9. Le r\u00e9sultat est bluffant et quasi invisible, et surtout vraiment naturel.<\/p>\n","protected":false},"featured_media":18784,"comment_status":"open","ping_status":"closed","template":"","meta":[],"product_brand":[],"product_cat":[99,101],"product_tag":[],"class_list":{"0":"post-18952","1":"product","2":"type-product","3":"status-publish","4":"has-post-thumbnail","6":"product_cat-haute-couture-hair","7":"product_cat-meilleures-ventes","8":"pa_invisible-tape-hair-jet-black-1-fr","9":"pa_invisible-tape-hair-natural-black-1b-fr","10":"pa_invisible-tape-hair-platinum-blonde-613-fr","12":"first","13":"outofstock","14":"taxable","15":"shipping-taxable","16":"purchasable","17":"product-type-variable","18":"has-default-attributes"},"_links":{"self":[{"href":"https:\/\/hnachihair.com\/fr\/wp-json\/wp\/v2\/product\/18952","targetHints":{"allow":["GET"]}}],"collection":[{"href":"https:\/\/hnachihair.com\/fr\/wp-json\/wp\/v2\/product"}],"about":[{"href":"https:\/\/hnachihair.com\/fr\/wp-json\/wp\/v2\/types\/product"}],"replies":[{"embeddable":true,"href":"https:\/\/hnachihair.com\/fr\/wp-json\/wp\/v2\/comments?post=18952"}],"version-history":[{"count":19,"href":"https:\/\/hnachihair.com\/fr\/wp-json\/wp\/v2\/product\/18952\/revisions"}],"predecessor-version":[{"id":21319,"href":"https:\/\/hnachihair.com\/fr\/wp-json\/wp\/v2\/product\/18952\/revisions\/21319"}],"wp:featuredmedia":[{"embeddable":true,"href":"https:\/\/hnachihair.com\/fr\/wp-json\/wp\/v2\/media\/18784"}],"wp:attachment":[{"href":"https:\/\/hnachihair.com\/fr\/wp-json\/wp\/v2\/media?parent=18952"}],"wp:term":[{"taxonomy":"product_brand","embeddable":true,"href":"https:\/\/hnachihair.com\/fr\/wp-json\/wp\/v2\/product_brand?post=18952"},{"taxonomy":"product_cat","embeddable":true,"href":"https:\/\/hnachihair.com\/fr\/wp-json\/wp\/v2\/product_cat?post=18952"},{"taxonomy":"product_tag","embeddable":true,"href":"https:\/\/hnachihair.com\/fr\/wp-json\/wp\/v2\/product_tag?post=18952"}],"curies":[{"name":"wp","href":"https:\/\/api.w.org\/{rel}","templated":true}]}}