{"id":18960,"date":"2024-02-10T15:00:28","date_gmt":"2024-02-10T15:00:28","guid":{"rendered":"https:\/\/hnachihair.com\/product\/weft-classique\/"},"modified":"2024-07-17T13:24:19","modified_gmt":"2024-07-17T13:24:19","slug":"weft-classique","status":"publish","type":"product","link":"https:\/\/hnachihair.com\/fr\/produit\/weft-classique\/","title":{"rendered":"CLASSIC WEFT 260G 26\u2033"},"content":{"rendered":"\t\t<div data-elementor-type=\"wp-post\" data-elementor-id=\"18960\" class=\"elementor elementor-18960 elementor-18730\" data-elementor-post-type=\"product\">\n\t\t\t\t<div class=\"wd-negative-gap elementor-element elementor-element-7c88fca6 e-flex e-con-boxed e-con e-parent\" data-id=\"7c88fca6\" data-element_type=\"container\">\n\t\t\t\t\t<div class=\"e-con-inner\">\n\t\t\t\t<div class=\"elementor-element elementor-element-27bf3e14 color-scheme-inherit text-left elementor-widget elementor-widget-text-editor\" data-id=\"27bf3e14\" data-element_type=\"widget\" data-widget_type=\"text-editor.default\">\n\t\t\t\t<div class=\"elementor-widget-container\">\n\t\t\t\t\t\t\t\t\t<p><strong>QUALIT\u00c9 DES CHEVEUX:<\/strong><br \/>Nous garantissons que les cheveux de votre extension sont 100% naturels, sains et avec des cuticules intactes. Nos cheveux sont choisis pour leur qualit\u00e9, leur douceur et leurs pointes non fourchues. Gr\u00e2ce \u00e0 leur qualit\u00e9 Remy Hair, vous pouvez colorer, friser et lisser nos tissages de cheveux naturels comme vous le souhaitez!<\/p><p><strong>VOLUME ET LONGUEUR:<\/strong><br \/><strong>1.<\/strong> <strong>Poids total:<\/strong> 260 g \/ 9.2 oz<br \/><strong>2.<\/strong> <strong>Nombre de pi\u00e8ces:<\/strong> 1 pi\u00e8ce<br \/><strong>3.<\/strong> <strong>Longueur:<\/strong> 65 cm \/ 26 po<\/p>\t\t\t\t\t\t\t\t<\/div>\n\t\t\t\t<\/div>\n\t\t\t\t\t<\/div>\n\t\t\t\t<\/div>\n\t\t\t\t<\/div>\n\t\t","protected":false},"excerpt":{"rendered":"<p style=\"font-weight: 400;\">Le tissage cheveux naturels est un excellent moyen pour apporter une nouvelle densit\u00e9 \u00e0 une chevelure terne et effil\u00e9e. Nul besoin d\u2019utiliser de la colle ou de la k\u00e9ratine, les cheveux naturels sont simplement tress\u00e9s puis cousus avec du fil sur les bandes d\u2019extensions. Il existe une autre m\u00e9thode de fixation, qui consiste \u00e0 fixer les bandes de cheveux gr\u00e2ce \u00e0 des petits anneaux. La technique est la m\u00eame mais les m\u00e9thodes de fixation sont diff\u00e9rentes.<\/p>\n","protected":false},"featured_media":19206,"comment_status":"open","ping_status":"closed","template":"","meta":[],"product_brand":[],"product_cat":[99],"product_tag":[],"class_list":{"0":"post-18960","1":"product","2":"type-product","3":"status-publish","4":"has-post-thumbnail","6":"product_cat-haute-couture-hair","7":"pa_classic-weft-natural-black-fr","8":"pa_classic-weft-platinum-blonde-fr","10":"first","11":"outofstock","12":"taxable","13":"shipping-taxable","14":"purchasable","15":"product-type-variable","16":"has-default-attributes"},"_links":{"self":[{"href":"https:\/\/hnachihair.com\/fr\/wp-json\/wp\/v2\/product\/18960","targetHints":{"allow":["GET"]}}],"collection":[{"href":"https:\/\/hnachihair.com\/fr\/wp-json\/wp\/v2\/product"}],"about":[{"href":"https:\/\/hnachihair.com\/fr\/wp-json\/wp\/v2\/types\/product"}],"replies":[{"embeddable":true,"href":"https:\/\/hnachihair.com\/fr\/wp-json\/wp\/v2\/comments?post=18960"}],"version-history":[{"count":3,"href":"https:\/\/hnachihair.com\/fr\/wp-json\/wp\/v2\/product\/18960\/revisions"}],"predecessor-version":[{"id":21306,"href":"https:\/\/hnachihair.com\/fr\/wp-json\/wp\/v2\/product\/18960\/revisions\/21306"}],"wp:featuredmedia":[{"embeddable":true,"href":"https:\/\/hnachihair.com\/fr\/wp-json\/wp\/v2\/media\/19206"}],"wp:attachment":[{"href":"https:\/\/hnachihair.com\/fr\/wp-json\/wp\/v2\/media?parent=18960"}],"wp:term":[{"taxonomy":"product_brand","embeddable":true,"href":"https:\/\/hnachihair.com\/fr\/wp-json\/wp\/v2\/product_brand?post=18960"},{"taxonomy":"product_cat","embeddable":true,"href":"https:\/\/hnachihair.com\/fr\/wp-json\/wp\/v2\/product_cat?post=18960"},{"taxonomy":"product_tag","embeddable":true,"href":"https:\/\/hnachihair.com\/fr\/wp-json\/wp\/v2\/product_tag?post=18960"}],"curies":[{"name":"wp","href":"https:\/\/api.w.org\/{rel}","templated":true}]}}