{"id":20560,"date":"2024-02-10T15:45:25","date_gmt":"2024-02-10T15:45:25","guid":{"rendered":"https:\/\/hnachihair.com\/product\/micro-anneau-cheveux-80g-26\/"},"modified":"2024-08-14T18:25:29","modified_gmt":"2024-08-14T18:25:29","slug":"micro-ring-hair-80g-26%e2%80%b3","status":"publish","type":"product","link":"https:\/\/hnachihair.com\/fr\/produit\/micro-ring-hair-80g-26%e2%80%b3\/","title":{"rendered":"MICRO RING HAIR 80G 26&Prime;"},"content":{"rendered":"\t\t<div data-elementor-type=\"wp-post\" data-elementor-id=\"20560\" class=\"elementor elementor-20560 elementor-18832\" data-elementor-post-type=\"product\">\n\t\t\t\t<div class=\"wd-negative-gap elementor-element elementor-element-3989d315 e-flex e-con-boxed e-con e-parent\" data-id=\"3989d315\" data-element_type=\"container\">\n\t\t\t\t\t<div class=\"e-con-inner\">\n\t\t\t\t<div class=\"elementor-element elementor-element-5d9bc4c7 color-scheme-inherit text-left elementor-widget elementor-widget-text-editor\" data-id=\"5d9bc4c7\" data-element_type=\"widget\" data-widget_type=\"text-editor.default\">\n\t\t\t\t<div class=\"elementor-widget-container\">\n\t\t\t\t\t\t\t\t\t<p><strong>QUALIT\u00c9 DES CHEVEUX:<\/strong><br \/>Nos extensions sont aujourd\u2019hui r\u00e9put\u00e9es pour leur qualit\u00e9 de cheveux humains, mais \u00e9galement pour leur volume r\u00e9gulier de leurs racines \u00e0 leurs pointes, elles peuvent \u00eatre color\u00e9es, d\u00e9color\u00e9es, et coiff\u00e9es avec des outils thermiques de fa\u00e7on \u00e0 ce que vous trouviez le look complet que vous cherchez.<\/p><p><strong>VOLUME ET LONGUEUR:<\/strong><br \/><strong>1.<\/strong> <strong>Poids total:<\/strong> 80 g \/ 2.8 oz<br \/><strong>2.<\/strong>\u00a0<b>Nombre de pi\u00e8ces<\/b><strong>:<\/strong> 40 par paquet (<span lang=\"FR-BE\">chaque pi\u00e8ce fait 2 g<\/span>)<br \/><strong>3. <\/strong><b>Longueur<\/b><strong>:<\/strong> 65 cm \/ 26 po<\/p>\t\t\t\t\t\t\t\t<\/div>\n\t\t\t\t<\/div>\n\t\t\t\t\t<\/div>\n\t\t\t\t<\/div>\n\t\t\t\t<\/div>\n\t\t","protected":false},"excerpt":{"rendered":"<p>D\u00e9couvrez cette m\u00e9thode rapide et s\u00fbre qui respecte la sant\u00e9 de vos cheveux. Il utilise EasyLoops, un syst\u00e8me de petites boucles faciles \u00e0 enlever, fix\u00e9es \u00e0 la base de chaque extension de cheveux. Cette m\u00e9thode est tr\u00e8s douce et ne n\u00e9cessite ni chaleur ni colle. Il donne \u00e0 vos cheveux une augmentation naturelle et invisible du volume et de la longueur.<\/p>\n","protected":false},"featured_media":18835,"comment_status":"open","ping_status":"closed","template":"","meta":[],"product_brand":[],"product_cat":[99,101],"product_tag":[],"class_list":{"0":"post-20560","1":"product","2":"type-product","3":"status-publish","4":"has-post-thumbnail","6":"product_cat-haute-couture-hair","7":"product_cat-meilleures-ventes","8":"pa_micro-ring-hair-jet-black-fr","9":"pa_micro-ring-hair-natural-black-fr","10":"pa_micro-ring-hair-dark-brown-2-fr","11":"pa_micro-ring-hair-hazelnut-brown-8-fr","12":"pa_micro-ring-hair-ash-brown-9-fr","13":"pa_micro-ring-hair-mushroom-blonde-10-fr","14":"pa_micro-ring-hair-bleach-blonde-11-fr","15":"pa_micro-ring-hair-beige-blonde-12-fr","16":"pa_micro-ring-hair-honey-blonde-17-fr","17":"pa_micro-ring-hair-platinum-blonde-fr","19":"first","20":"outofstock","21":"taxable","22":"shipping-taxable","23":"purchasable","24":"product-type-variable","25":"has-default-attributes"},"_links":{"self":[{"href":"https:\/\/hnachihair.com\/fr\/wp-json\/wp\/v2\/product\/20560","targetHints":{"allow":["GET"]}}],"collection":[{"href":"https:\/\/hnachihair.com\/fr\/wp-json\/wp\/v2\/product"}],"about":[{"href":"https:\/\/hnachihair.com\/fr\/wp-json\/wp\/v2\/types\/product"}],"replies":[{"embeddable":true,"href":"https:\/\/hnachihair.com\/fr\/wp-json\/wp\/v2\/comments?post=20560"}],"version-history":[{"count":15,"href":"https:\/\/hnachihair.com\/fr\/wp-json\/wp\/v2\/product\/20560\/revisions"}],"predecessor-version":[{"id":21318,"href":"https:\/\/hnachihair.com\/fr\/wp-json\/wp\/v2\/product\/20560\/revisions\/21318"}],"wp:featuredmedia":[{"embeddable":true,"href":"https:\/\/hnachihair.com\/fr\/wp-json\/wp\/v2\/media\/18835"}],"wp:attachment":[{"href":"https:\/\/hnachihair.com\/fr\/wp-json\/wp\/v2\/media?parent=20560"}],"wp:term":[{"taxonomy":"product_brand","embeddable":true,"href":"https:\/\/hnachihair.com\/fr\/wp-json\/wp\/v2\/product_brand?post=20560"},{"taxonomy":"product_cat","embeddable":true,"href":"https:\/\/hnachihair.com\/fr\/wp-json\/wp\/v2\/product_cat?post=20560"},{"taxonomy":"product_tag","embeddable":true,"href":"https:\/\/hnachihair.com\/fr\/wp-json\/wp\/v2\/product_tag?post=20560"}],"curies":[{"name":"wp","href":"https:\/\/api.w.org\/{rel}","templated":true}]}}