{"id":20564,"date":"2024-02-10T15:12:57","date_gmt":"2024-02-10T15:12:57","guid":{"rendered":"https:\/\/hnachihair.com\/product\/ruban-dans-les-cheveux-65g-26\/"},"modified":"2024-08-09T11:41:34","modified_gmt":"2024-08-09T11:41:34","slug":"tape-in-hair-65g-26%e2%80%b3","status":"publish","type":"product","link":"https:\/\/hnachihair.com\/fr\/produit\/tape-in-hair-65g-26%e2%80%b3\/","title":{"rendered":"TAPE IN HAIR 65G 26\u2033"},"content":{"rendered":"\t\t<div data-elementor-type=\"wp-post\" data-elementor-id=\"20564\" class=\"elementor elementor-20564 elementor-18753\" data-elementor-post-type=\"product\">\n\t\t\t\t<div class=\"wd-negative-gap elementor-element elementor-element-6e9b7734 e-flex e-con-boxed e-con e-parent\" data-id=\"6e9b7734\" data-element_type=\"container\">\n\t\t\t\t\t<div class=\"e-con-inner\">\n\t\t\t\t<div class=\"elementor-element elementor-element-7f9527c0 color-scheme-inherit text-left elementor-widget elementor-widget-text-editor\" data-id=\"7f9527c0\" data-element_type=\"widget\" data-widget_type=\"text-editor.default\">\n\t\t\t\t<div class=\"elementor-widget-container\">\n\t\t\t\t\t\t\t\t\t<p><strong>QUALIT\u00c9 DES CHEVEUX:<\/strong><br \/>Nos extensions 100% naturelles sont fabriqu\u00e9es \u00e0 partir de cheveux de haute qualit\u00e9 s\u00e9lectionn\u00e9s pour leur douceur et l&rsquo;absence de fourches. Les cuticules des m\u00e8ches sont intactes et align\u00e9es dans le m\u00eame sens (racine \u2013 pointe) afin d\u2019emp\u00eacher les enchev\u00eatrements. Nos cheveux sont r\u00e9colt\u00e9s \u00e0 la main pour assurer la meilleure qualit\u00e9 de Remy. Ils peuvent \u00eatre color\u00e9s et d\u00e9color\u00e9s selon vos envies, et qui peuvent \u00e9galement \u00eatre boucl\u00e9s ou liss\u00e9s avec des outils thermiques conform\u00e9ment \u00e0 vos d\u00e9sirs afin que vous trouviez le look dont vous avez toujours r\u00eav\u00e9.<\/p><p><strong>VOLUME ET LONGUEUR:<\/strong><br \/><strong>1.<\/strong> <strong>Poids total:<\/strong> 65 g \/ 2.3 oz<br \/><strong>2.<\/strong> <strong>Nombre de pi\u00e8ces:<\/strong> 20 par paquet <em>(chaque pi\u00e8ce fait 3,25 g)<\/em><br \/><strong>3.<\/strong> <strong>Longueur:<\/strong> 65 cm \/ 26 po<\/p>\t\t\t\t\t\t\t\t<\/div>\n\t\t\t\t<\/div>\n\t\t\t\t\t<\/div>\n\t\t\t\t<\/div>\n\t\t\t\t<\/div>\n\t\t","protected":false},"excerpt":{"rendered":"<p style=\"font-weight: 400;\">On vous propose des bandes d\u2019extensions adh\u00e9sives ultra-fines qui se fondent dans vos propre cheveux pour un aspect naturel et invisible. Les m\u00e8ches de notre gamme tape in hair sont l\u00e9g\u00e8res et tr\u00e8s confortables, et elles se dissimulent tr\u00e8s facilement. Le r\u00e9sultat est une chevelure longue, \u00e9paisse et soyeuse.<\/p>\n","protected":false},"featured_media":18756,"comment_status":"open","ping_status":"closed","template":"","meta":[],"product_brand":[],"product_cat":[99],"product_tag":[],"class_list":{"0":"post-20564","1":"product","2":"type-product","3":"status-publish","4":"has-post-thumbnail","6":"product_cat-haute-couture-hair","7":"pa_tape-in-hair-dark-brown-2-fr","8":"pa_tape-in-hair-hazelnut-brown-8-fr","9":"pa_tape-in-hair-jet-black-fr","10":"pa_tape-in-hair-natural-black-fr","11":"pa_tape-in-hair-platinum-blonde-fr","13":"first","14":"outofstock","15":"taxable","16":"shipping-taxable","17":"purchasable","18":"product-type-variable","19":"has-default-attributes"},"_links":{"self":[{"href":"https:\/\/hnachihair.com\/fr\/wp-json\/wp\/v2\/product\/20564","targetHints":{"allow":["GET"]}}],"collection":[{"href":"https:\/\/hnachihair.com\/fr\/wp-json\/wp\/v2\/product"}],"about":[{"href":"https:\/\/hnachihair.com\/fr\/wp-json\/wp\/v2\/types\/product"}],"replies":[{"embeddable":true,"href":"https:\/\/hnachihair.com\/fr\/wp-json\/wp\/v2\/comments?post=20564"}],"version-history":[{"count":1,"href":"https:\/\/hnachihair.com\/fr\/wp-json\/wp\/v2\/product\/20564\/revisions"}],"predecessor-version":[{"id":20622,"href":"https:\/\/hnachihair.com\/fr\/wp-json\/wp\/v2\/product\/20564\/revisions\/20622"}],"wp:featuredmedia":[{"embeddable":true,"href":"https:\/\/hnachihair.com\/fr\/wp-json\/wp\/v2\/media\/18756"}],"wp:attachment":[{"href":"https:\/\/hnachihair.com\/fr\/wp-json\/wp\/v2\/media?parent=20564"}],"wp:term":[{"taxonomy":"product_brand","embeddable":true,"href":"https:\/\/hnachihair.com\/fr\/wp-json\/wp\/v2\/product_brand?post=20564"},{"taxonomy":"product_cat","embeddable":true,"href":"https:\/\/hnachihair.com\/fr\/wp-json\/wp\/v2\/product_cat?post=20564"},{"taxonomy":"product_tag","embeddable":true,"href":"https:\/\/hnachihair.com\/fr\/wp-json\/wp\/v2\/product_tag?post=20564"}],"curies":[{"name":"wp","href":"https:\/\/api.w.org\/{rel}","templated":true}]}}