{"id":20568,"date":"2024-02-10T11:50:43","date_gmt":"2024-02-10T11:50:43","guid":{"rendered":"https:\/\/hnachihair.com\/product\/soie-couture-trame-360g-29\/"},"modified":"2024-08-14T18:06:31","modified_gmt":"2024-08-14T18:06:31","slug":"silk-seam-weft-360g-29i","status":"publish","type":"product","link":"https:\/\/hnachihair.com\/fr\/produit\/silk-seam-weft-360g-29i\/","title":{"rendered":"SILK SEAM WEFT 360G 29&Prime;"},"content":{"rendered":"\t\t<div data-elementor-type=\"wp-post\" data-elementor-id=\"20568\" class=\"elementor elementor-20568 elementor-18632\" data-elementor-post-type=\"product\">\n\t\t\t\t<div class=\"wd-negative-gap elementor-element elementor-element-3d1a39e2 e-flex e-con-boxed e-con e-parent\" data-id=\"3d1a39e2\" data-element_type=\"container\">\n\t\t\t\t\t<div class=\"e-con-inner\">\n\t\t\t\t<div class=\"elementor-element elementor-element-7a181d27 color-scheme-inherit text-left elementor-widget elementor-widget-text-editor\" data-id=\"7a181d27\" data-element_type=\"widget\" data-widget_type=\"text-editor.default\">\n\t\t\t\t<div class=\"elementor-widget-container\">\n\t\t\t\t\t\t\t\t\t<p><strong>QUALIT\u00c9 DES CHEVEUX:<\/strong><br \/>Nos extensions de cheveux sont 100% naturelles et ont \u00e9t\u00e9 m\u00e9ticuleusement s\u00e9lectionn\u00e9es pour leur qualit\u00e9, leur stabilit\u00e9 \u00e0 long terme et leur volume constant de la racine \u00e0 la pointe. Nous ne travaillons qu&rsquo;avec des cheveux garantis naturels et Remy, collect\u00e9s et arrang\u00e9s \u00e0 la main dans le m\u00eame sens pour pr\u00e9server les cuticules, ce qui assure douceur, brillance et r\u00e9sultats sans d\u00e9m\u00eal\u00e9s.<\/p><p><strong>VOLUME ET LONGUEUR:<\/strong><br \/><strong>1. Poids total:<\/strong> 360 g \/ 12.7 oz<br \/><strong>2. Nombre de pi\u00e8ces: <\/strong>8 pi\u00e8ces\u00a0<em>(1 pi\u00e8ce avec 5 clips (24 cm de large) &#8211; 2 pi\u00e8ces avec 4 clips (21 cm de large) &#8211; 1 pi\u00e8ce avec 3 clips (14 cm de large) &#8211; 4 pi\u00e8ces avec 2 clips (7 cm de large))<\/em><br \/><strong>3. Longueur:<\/strong> 75 cm \/ 29 po<\/p>\t\t\t\t\t\t\t\t<\/div>\n\t\t\t\t<\/div>\n\t\t\t\t\t<\/div>\n\t\t\t\t<\/div>\n\t\t\t\t<\/div>\n\t\t","protected":false},"excerpt":{"rendered":"<p><span class=\"TextRun SCXW190504302 BCX8\" lang=\"EN-US\" xml:lang=\"EN-US\" data-contrast=\"none\"><span class=\"NormalTextRun SCXW190504302 BCX8\">Nos extensions de cheveux \u00e0 clips offrent un aspect ultra-discret, <\/span><\/span>quasi invisible! Elles sont tr\u00e8s confortables avec des petits clips en forme de peigne sur une bande de silicone tr\u00e8s fine, ce qui donne l\u2019impression que vous portez pas de rajouts. Cette confection permet aux femmes ayant les cheveux fins, ainsi qu\u2019aux femmes ayant les cheveux plus \u00e9pais, d\u2019obtenir un r\u00e9sultat hyper naturel. Ces extensions temporaires vous offrent la possibilit\u00e9 de passer de cheveux courts \u00e0 des cheveux longs en quelques instants seulement, sans ab\u00eemer vos propres cheveux. Les clientes sont s\u00e9duites par la simplicit\u00e9 de leur pose et d\u00e9pose, sur tous les types de cheveux.<\/p>\n","protected":false},"featured_media":18635,"comment_status":"open","ping_status":"closed","template":"","meta":[],"product_brand":[],"product_cat":[99,101],"product_tag":[],"class_list":{"0":"post-20568","1":"product","2":"type-product","3":"status-publish","4":"has-post-thumbnail","6":"product_cat-haute-couture-hair","7":"product_cat-meilleures-ventes","8":"pa_silk-seam-weft-color-jet-black-fr","9":"pa_silk-seam-weft-color-natural-black-fr","10":"pa_silk-seam-weft-color-dark-brown-2-fr","11":"pa_silk-seam-weft-color-chocolate-brown-4-fr","12":"pa_silk-seam-weft-color-hazelnut-brown-8-fr","13":"pa_silk-seam-weft-color-ash-brown-9-fr","14":"pa_silk-seam-weft-color-mushroom-blonde-10-fr","15":"pa_silk-seam-weft-color-bleach-blonde-11-fr","16":"pa_silk-seam-weft-color-beige-blonde-12","17":"pa_silk-seam-weft-color-honey-blonde-17-fr","18":"pa_silk-seam-weft-color-auburn-brown-33-fr","19":"pa_silk-seam-weft-color-black-cherry-j99-fr","20":"pa_silk-seam-weft-color-golden-blonde-120-fr","21":"pa_silk-seam-weft-color-platinum-blonde-fr","22":"pa_silk-seam-weft-color-iced-mocha-balayage-10-16-22-fr","23":"pa_silk-seam-weft-color-caramel-blonde-balayage-21-30-9a-fr","24":"pa_silk-seam-weft-color-honey-brown-highlight-3-5-30-fr","26":"first","27":"outofstock","28":"taxable","29":"shipping-taxable","30":"purchasable","31":"product-type-variable","32":"has-default-attributes"},"_links":{"self":[{"href":"https:\/\/hnachihair.com\/fr\/wp-json\/wp\/v2\/product\/20568","targetHints":{"allow":["GET"]}}],"collection":[{"href":"https:\/\/hnachihair.com\/fr\/wp-json\/wp\/v2\/product"}],"about":[{"href":"https:\/\/hnachihair.com\/fr\/wp-json\/wp\/v2\/types\/product"}],"replies":[{"embeddable":true,"href":"https:\/\/hnachihair.com\/fr\/wp-json\/wp\/v2\/comments?post=20568"}],"version-history":[{"count":4,"href":"https:\/\/hnachihair.com\/fr\/wp-json\/wp\/v2\/product\/20568\/revisions"}],"predecessor-version":[{"id":21748,"href":"https:\/\/hnachihair.com\/fr\/wp-json\/wp\/v2\/product\/20568\/revisions\/21748"}],"wp:featuredmedia":[{"embeddable":true,"href":"https:\/\/hnachihair.com\/fr\/wp-json\/wp\/v2\/media\/18635"}],"wp:attachment":[{"href":"https:\/\/hnachihair.com\/fr\/wp-json\/wp\/v2\/media?parent=20568"}],"wp:term":[{"taxonomy":"product_brand","embeddable":true,"href":"https:\/\/hnachihair.com\/fr\/wp-json\/wp\/v2\/product_brand?post=20568"},{"taxonomy":"product_cat","embeddable":true,"href":"https:\/\/hnachihair.com\/fr\/wp-json\/wp\/v2\/product_cat?post=20568"},{"taxonomy":"product_tag","embeddable":true,"href":"https:\/\/hnachihair.com\/fr\/wp-json\/wp\/v2\/product_tag?post=20568"}],"curies":[{"name":"wp","href":"https:\/\/api.w.org\/{rel}","templated":true}]}}